{"id":9790,"date":"2024-08-15T19:18:18","date_gmt":"2024-08-15T19:18:18","guid":{"rendered":"https:\/\/polipaks.com\/?page_id=9790"},"modified":"2026-02-17T18:35:52","modified_gmt":"2026-02-17T16:35:52","slug":"sertifikati-un-daliba-organizacijas","status":"publish","type":"page","link":"https:\/\/www.polipaks.com\/lv\/uznemums\/sertifikati-un-daliba-organizacijas\/","title":{"rendered":"Sertifik\u0101ti un dal\u012bba organiz\u0101cij\u0101s"},"content":{"rendered":"<div data-elementor-type=\"wp-page\" data-elementor-id=\"9790\" class=\"elementor elementor-9790\" data-elementor-post-type=\"page\">\n\t\t\t\t<div class=\"elementor-element elementor-element-59913ef e-flex e-con-boxed e-con e-parent\" data-id=\"59913ef\" data-element_type=\"container\" data-e-type=\"container\">\n\t\t\t\t\t<div class=\"e-con-inner\">\n\t\t\t\t<div class=\"elementor-element elementor-element-ad96571 elementor-widget elementor-widget-heading\" data-id=\"ad96571\" data-element_type=\"widget\" data-e-type=\"widget\" data-widget_type=\"heading.default\">\n\t\t\t\t\t<h2 class=\"elementor-heading-title elementor-size-default\">Sertifik\u0101ti un dal\u012bba organiz\u0101cij\u0101s<\/h2>\t\t\t\t<\/div>\n\t\t\t\t<div class=\"elementor-element elementor-element-7791c90 elementor-widget elementor-widget-text-editor\" data-id=\"7791c90\" data-element_type=\"widget\" data-e-type=\"widget\" data-widget_type=\"text-editor.default\">\n\t\t\t\t\t\t\t\t\t<p><span style=\"font-weight: 400;\">M\u016bsu sertifik\u0101ti un dal\u012bba organiz\u0101cij\u0101s liecina par m\u016bsu ap\u0146em\u0161anos nodro\u0161in\u0101t kvalit\u0101ti, ilgtsp\u0113j\u012bbu un lab\u0101ko nozares praksi. \u0160\u012bs ieg\u016bt\u0101s akredit\u0101cijas un pieder\u012bba nodro\u0161ina, ka m\u0113s atbilstam visaugst\u0101kajiem standartiem visos m\u016bsu uz\u0146\u0113m\u0113jdarb\u012bbas aspektos, no finansi\u0101l\u0101s stabilit\u0101tes un produktu dro\u0161\u012bbas l\u012bdz atbild\u012bbai par vidi un inov\u0101cij\u0101m.<\/span><\/p>\t\t\t\t\t\t\t\t<\/div>\n\t\t\t\t\t<\/div>\n\t\t\t\t<\/div>\n\t\t<div class=\"elementor-element elementor-element-3a6783e e-flex e-con-boxed e-con e-parent\" data-id=\"3a6783e\" data-element_type=\"container\" data-e-type=\"container\">\n\t\t\t\t\t<div class=\"e-con-inner\">\n\t\t<div class=\"elementor-element elementor-element-7a234d3 e-con-full e-flex e-con e-child\" data-id=\"7a234d3\" data-element_type=\"container\" data-e-type=\"container\">\n\t\t\t\t<div class=\"elementor-element elementor-element-76af4b8 elementor-widget elementor-widget-image\" data-id=\"76af4b8\" data-element_type=\"widget\" data-e-type=\"widget\" data-widget_type=\"image.default\">\n\t\t\t\t\t\t\t\t\t\t\t\t\t\t\t<img fetchpriority=\"high\" decoding=\"async\" width=\"660\" height=\"393\" src=\"https:\/\/www.polipaks.com\/wp-content\/smush-webp\/2025\/11\/CREFO-ENG-1024x609.jpg.webp\" class=\"attachment-large size-large wp-image-15287\" \/>\t\t\t\t\t\t\t\t\t\t\t\t\t\t\t<\/div>\n\t\t\t\t<\/div>\n\t\t<div class=\"elementor-element elementor-element-b58a885 e-con-full e-flex e-con e-child\" data-id=\"b58a885\" data-element_type=\"container\" data-e-type=\"container\">\n\t\t\t\t<div class=\"elementor-element elementor-element-2a0e9d4 elementor-widget elementor-widget-heading\" data-id=\"2a0e9d4\" data-element_type=\"widget\" data-e-type=\"widget\" data-widget_type=\"heading.default\">\n\t\t\t\t\t<h2 class=\"elementor-heading-title elementor-size-default\">CrefoCert<\/h2>\t\t\t\t<\/div>\n\t\t\t\t<div class=\"elementor-element elementor-element-cb39cea elementor-widget elementor-widget-text-editor\" data-id=\"cb39cea\" data-element_type=\"widget\" data-e-type=\"widget\" data-widget_type=\"text-editor.default\">\n\t\t\t\t\t\t\t\t\t<p><span style=\"font-weight: 400;\">CrefoCert sertifik\u0101ts apliecina m\u016bsu uz\u0146\u0113muma stabilit\u0101ti un kvalit\u0101ti, t\u0101d\u0113j\u0101di veicinot m\u016bsu reput\u0101ciju un apliecinot m\u016bsu sp\u0113ju pild\u012bt finansi\u0101l\u0101s saist\u012bbas.<\/span><\/p>\t\t\t\t\t\t\t\t<\/div>\n\t\t\t\t<div class=\"elementor-element elementor-element-47b73c4 elementor-widget elementor-widget-button\" data-id=\"47b73c4\" data-element_type=\"widget\" data-e-type=\"widget\" data-widget_type=\"button.default\">\n\t\t\t\t\t\t\t\t\t\t<a class=\"elementor-button elementor-button-link elementor-size-sm\" href=\"https:\/\/www.polipaks.com\/wp-content\/uploads\/2025\/11\/POLIPAKS_-Gold-LV_2025-1.pdf\" target=\"_blank\">\n\t\t\t\t\t\t<span class=\"elementor-button-content-wrapper\">\n\t\t\t\t\t\t<span class=\"elementor-button-icon\">\n\t\t\t\t<svg xmlns=\"http:\/\/www.w3.org\/2000\/svg\" class=\"svg-icon\" style=\"width: 1em; height: 1em;vertical-align: middle;fill: currentColor;overflow: hidden;\" viewbox=\"0 0 1024 1024\"><path d=\"M768 300.8a42.666667 42.666667 0 0 0-42.666667-42.666667L384 256a42.666667 42.666667 0 0 0 0 85.333333h237.226667l-352.853334 353.706667a42.666667 42.666667 0 0 0 0 60.586667 42.666667 42.666667 0 0 0 60.586667 0L682.666667 401.92V640a42.666667 42.666667 0 0 0 42.666666 42.666667 42.666667 42.666667 0 0 0 42.666667-42.666667z\" fill=\"\"><\/path><\/svg>\t\t\t<\/span>\n\t\t\t\t\t\t\t\t\t<span class=\"elementor-button-text\">Skat\u012bt sertifik\u0101tu<\/span>\n\t\t\t\t\t<\/span>\n\t\t\t\t\t<\/a>\n\t\t\t\t\t\t\t\t<\/div>\n\t\t\t\t<\/div>\n\t\t\t\t\t<\/div>\n\t\t\t\t<\/div>\n\t\t<div class=\"elementor-element elementor-element-bce1376 e-flex e-con-boxed e-con e-parent\" data-id=\"bce1376\" data-element_type=\"container\" data-e-type=\"container\">\n\t\t\t\t\t<div class=\"e-con-inner\">\n\t\t<div class=\"elementor-element elementor-element-4a704bd e-con-full elementor-hidden-desktop elementor-hidden-laptop e-flex e-con e-child\" data-id=\"4a704bd\" data-element_type=\"container\" data-e-type=\"container\">\n\t\t\t\t<div class=\"elementor-element elementor-element-3e62056 elementor-widget elementor-widget-image\" data-id=\"3e62056\" data-element_type=\"widget\" data-e-type=\"widget\" data-widget_type=\"image.default\">\n\t\t\t\t\t\t\t\t\t\t\t\t\t\t\t<img decoding=\"async\" width=\"1430\" height=\"850\" src=\"https:\/\/www.polipaks.com\/wp-content\/smush-webp\/2025\/01\/BRC-1-1.jpg.webp\" class=\"attachment-full size-full wp-image-14617\" \/>\t\t\t\t\t\t\t\t\t\t\t\t\t\t\t<\/div>\n\t\t\t\t<\/div>\n\t\t<div class=\"elementor-element elementor-element-5861731 e-con-full e-flex e-con e-child\" data-id=\"5861731\" data-element_type=\"container\" data-e-type=\"container\">\n\t\t\t\t<div class=\"elementor-element elementor-element-1b7146b elementor-widget elementor-widget-heading\" data-id=\"1b7146b\" data-element_type=\"widget\" data-e-type=\"widget\" data-widget_type=\"heading.default\">\n\t\t\t\t\t<h2 class=\"elementor-heading-title elementor-size-default\">BRCGS<\/h2>\t\t\t\t<\/div>\n\t\t\t\t<div class=\"elementor-element elementor-element-084c129 elementor-widget elementor-widget-text-editor\" data-id=\"084c129\" data-element_type=\"widget\" data-e-type=\"widget\" data-widget_type=\"text-editor.default\">\n\t\t\t\t\t\t\t\t\t<p><span style=\"font-weight: 400;\">\u0160is sertifik\u0101ts apliecina, ka m\u016bsu iepakojuma produkti atbilst augstiem dro\u0161\u012bbas un kvalit\u0101tes standartiem, jo \u012bpa\u0161i attiec\u012bb\u0101 uz materi\u0101liem, kas ir saskar\u0113 ar p\u0101rtiku. Tas ir \u013coti svar\u012bgi, lai saglab\u0101tu pat\u0113r\u0113t\u0101ju uztic\u012bbu un izpild\u012btu p\u0101rtikas nozares normat\u012bvo aktu pras\u012bbas.<\/span><\/p>\t\t\t\t\t\t\t\t<\/div>\n\t\t\t\t<div class=\"elementor-element elementor-element-9c1ebaa elementor-widget elementor-widget-button\" data-id=\"9c1ebaa\" data-element_type=\"widget\" data-e-type=\"widget\" data-widget_type=\"button.default\">\n\t\t\t\t\t\t\t\t\t\t<a class=\"elementor-button elementor-button-link elementor-size-sm\" href=\"https:\/\/www.polipaks.com\/wp-content\/uploads\/2026\/02\/2026-_BRC-Pack-7-20260213.pdf\" target=\"_blank\">\n\t\t\t\t\t\t<span class=\"elementor-button-content-wrapper\">\n\t\t\t\t\t\t<span class=\"elementor-button-icon\">\n\t\t\t\t<svg xmlns=\"http:\/\/www.w3.org\/2000\/svg\" class=\"svg-icon\" style=\"width: 1em; height: 1em;vertical-align: middle;fill: currentColor;overflow: hidden;\" viewbox=\"0 0 1024 1024\"><path d=\"M768 300.8a42.666667 42.666667 0 0 0-42.666667-42.666667L384 256a42.666667 42.666667 0 0 0 0 85.333333h237.226667l-352.853334 353.706667a42.666667 42.666667 0 0 0 0 60.586667 42.666667 42.666667 0 0 0 60.586667 0L682.666667 401.92V640a42.666667 42.666667 0 0 0 42.666666 42.666667 42.666667 42.666667 0 0 0 42.666667-42.666667z\" fill=\"\"><\/path><\/svg>\t\t\t<\/span>\n\t\t\t\t\t\t\t\t\t<span class=\"elementor-button-text\">Skat\u012bt sertifik\u0101tu<\/span>\n\t\t\t\t\t<\/span>\n\t\t\t\t\t<\/a>\n\t\t\t\t\t\t\t\t<\/div>\n\t\t\t\t<\/div>\n\t\t<div class=\"elementor-element elementor-element-cb056af e-con-full elementor-hidden-tablet elementor-hidden-mobile e-flex e-con e-child\" data-id=\"cb056af\" data-element_type=\"container\" data-e-type=\"container\">\n\t\t\t\t<div class=\"elementor-element elementor-element-1d1774d elementor-widget elementor-widget-image\" data-id=\"1d1774d\" data-element_type=\"widget\" data-e-type=\"widget\" data-widget_type=\"image.default\">\n\t\t\t\t\t\t\t\t\t\t\t\t\t\t\t<img decoding=\"async\" width=\"1430\" height=\"850\" src=\"https:\/\/www.polipaks.com\/wp-content\/smush-webp\/2025\/01\/BRC-1-1.jpg.webp\" class=\"attachment-full size-full wp-image-14617\" \/>\t\t\t\t\t\t\t\t\t\t\t\t\t\t\t<\/div>\n\t\t\t\t<\/div>\n\t\t\t\t\t<\/div>\n\t\t\t\t<\/div>\n\t\t<div class=\"elementor-element elementor-element-43078a7 e-flex e-con-boxed e-con e-parent\" data-id=\"43078a7\" data-element_type=\"container\" data-e-type=\"container\">\n\t\t\t\t\t<div class=\"e-con-inner\">\n\t\t<div class=\"elementor-element elementor-element-6439052 e-con-full e-flex e-con e-child\" data-id=\"6439052\" data-element_type=\"container\" data-e-type=\"container\">\n\t\t\t\t<div class=\"elementor-element elementor-element-bd16993 elementor-widget elementor-widget-image\" data-id=\"bd16993\" data-element_type=\"widget\" data-e-type=\"widget\" data-widget_type=\"image.default\">\n\t\t\t\t\t\t\t\t\t\t\t\t\t\t\t<img decoding=\"async\" width=\"1430\" height=\"850\" src=\"https:\/\/www.polipaks.com\/wp-content\/smush-webp\/2024\/09\/ISO.jpg.webp\" class=\"attachment-full size-full wp-image-11194\" \/>\t\t\t\t\t\t\t\t\t\t\t\t\t\t\t<\/div>\n\t\t\t\t<\/div>\n\t\t<div class=\"elementor-element elementor-element-2b1e2de e-con-full e-flex e-con e-child\" data-id=\"2b1e2de\" data-element_type=\"container\" data-e-type=\"container\">\n\t\t\t\t<div class=\"elementor-element elementor-element-24f3156 elementor-widget elementor-widget-heading\" data-id=\"24f3156\" data-element_type=\"widget\" data-e-type=\"widget\" data-widget_type=\"heading.default\">\n\t\t\t\t\t<h2 class=\"elementor-heading-title elementor-size-default\">ISO 9001<\/h2>\t\t\t\t<\/div>\n\t\t\t\t<div class=\"elementor-element elementor-element-d9dff5a elementor-widget elementor-widget-text-editor\" data-id=\"d9dff5a\" data-element_type=\"widget\" data-e-type=\"widget\" data-widget_type=\"text-editor.default\">\n\t\t\t\t\t\t\t\t\t<p><span style=\"font-weight: 400;\">ISO 9001 sertifik\u0101ts apliecina, ka m\u016bsu kvalit\u0101tes vad\u012bbas sist\u0113ma ir uzticama un past\u0101v\u012bgi nodro\u0161ina augstas kvalit\u0101tes produktus. Tas nodro\u0161ina nep\u0101rtrauktus uzlabojumus un klientu apmierin\u0101t\u012bbu konkur\u0113jo\u0161aj\u0101 iepakojuma nozar\u0113.<\/span><\/p>\t\t\t\t\t\t\t\t<\/div>\n\t\t\t\t<div class=\"elementor-element elementor-element-4f46520 elementor-align-left elementor-widget elementor-widget-button\" data-id=\"4f46520\" data-element_type=\"widget\" data-e-type=\"widget\" data-widget_type=\"button.default\">\n\t\t\t\t\t\t\t\t\t\t<a class=\"elementor-button elementor-button-link elementor-size-sm\" href=\"https:\/\/www.polipaks.com\/wp-content\/uploads\/2026\/01\/6a_ISO-2024_Polipaks_Lat.pdf\" target=\"_blank\">\n\t\t\t\t\t\t<span class=\"elementor-button-content-wrapper\">\n\t\t\t\t\t\t<span class=\"elementor-button-icon\">\n\t\t\t\t<svg xmlns=\"http:\/\/www.w3.org\/2000\/svg\" class=\"svg-icon\" style=\"width: 1em; height: 1em;vertical-align: middle;fill: currentColor;overflow: hidden;\" viewbox=\"0 0 1024 1024\"><path d=\"M768 300.8a42.666667 42.666667 0 0 0-42.666667-42.666667L384 256a42.666667 42.666667 0 0 0 0 85.333333h237.226667l-352.853334 353.706667a42.666667 42.666667 0 0 0 0 60.586667 42.666667 42.666667 0 0 0 60.586667 0L682.666667 401.92V640a42.666667 42.666667 0 0 0 42.666666 42.666667 42.666667 42.666667 0 0 0 42.666667-42.666667z\" fill=\"\"><\/path><\/svg>\t\t\t<\/span>\n\t\t\t\t\t\t\t\t\t<span class=\"elementor-button-text\">Skat\u012bt sertifik\u0101tu<\/span>\n\t\t\t\t\t<\/span>\n\t\t\t\t\t<\/a>\n\t\t\t\t\t\t\t\t<\/div>\n\t\t\t\t<\/div>\n\t\t\t\t\t<\/div>\n\t\t\t\t<\/div>\n\t\t<div class=\"elementor-element elementor-element-21ec031 e-flex e-con-boxed e-con e-parent\" data-id=\"21ec031\" data-element_type=\"container\" data-e-type=\"container\">\n\t\t\t\t\t<div class=\"e-con-inner\">\n\t\t<div class=\"elementor-element elementor-element-596d366 e-con-full elementor-hidden-desktop elementor-hidden-laptop e-flex e-con e-child\" data-id=\"596d366\" data-element_type=\"container\" data-e-type=\"container\">\n\t\t\t\t<div class=\"elementor-element elementor-element-a7671b8 elementor-widget elementor-widget-image\" data-id=\"a7671b8\" data-element_type=\"widget\" data-e-type=\"widget\" data-widget_type=\"image.default\">\n\t\t\t\t\t\t\t\t\t\t\t\t\t\t\t<img loading=\"lazy\" decoding=\"async\" width=\"1430\" height=\"850\" src=\"https:\/\/www.polipaks.com\/wp-content\/smush-webp\/2024\/09\/FLEXIBLE.jpg.webp\" class=\"attachment-full size-full wp-image-11193\" \/>\t\t\t\t\t\t\t\t\t\t\t\t\t\t\t<\/div>\n\t\t\t\t<\/div>\n\t\t<div class=\"elementor-element elementor-element-bf894d4 e-con-full e-flex e-con e-child\" data-id=\"bf894d4\" data-element_type=\"container\" data-e-type=\"container\">\n\t\t\t\t<div class=\"elementor-element elementor-element-16a6f71 elementor-widget elementor-widget-heading\" data-id=\"16a6f71\" data-element_type=\"widget\" data-e-type=\"widget\" data-widget_type=\"heading.default\">\n\t\t\t\t\t<h2 class=\"elementor-heading-title elementor-size-default\">Flexible Packaging Europe (FPE)<\/h2>\t\t\t\t<\/div>\n\t\t\t\t<div class=\"elementor-element elementor-element-57a2f9f elementor-widget elementor-widget-text-editor\" data-id=\"57a2f9f\" data-element_type=\"widget\" data-e-type=\"widget\" data-widget_type=\"text-editor.default\">\n\t\t\t\t\t\t\t\t\t<p><span style=\"font-weight: 400;\">B\u016bdami Flexible Packaging Europe biedri, m\u0113s iev\u0113rojam nozares paraugpraksi un ap\u0146emamies veicin\u0101t inov\u0101cijas un ilgtsp\u0113j\u012bbu. \u0160\u012b pieder\u012bba \u013cauj mums iepaz\u012bties ar jaun\u0101kaj\u0101m tendenc\u0113m un noteikumiem Eiropas elast\u012bg\u0101 iepakojuma tirg\u016b.<\/span><\/p>\t\t\t\t\t\t\t\t<\/div>\n\t\t\t\t<\/div>\n\t\t<div class=\"elementor-element elementor-element-6dbade6 e-con-full elementor-hidden-tablet elementor-hidden-mobile e-flex e-con e-child\" data-id=\"6dbade6\" data-element_type=\"container\" data-e-type=\"container\">\n\t\t\t\t<div class=\"elementor-element elementor-element-87db4d7 elementor-widget elementor-widget-image\" data-id=\"87db4d7\" data-element_type=\"widget\" data-e-type=\"widget\" data-widget_type=\"image.default\">\n\t\t\t\t\t\t\t\t\t\t\t\t\t\t\t<img loading=\"lazy\" decoding=\"async\" width=\"1430\" height=\"850\" src=\"https:\/\/www.polipaks.com\/wp-content\/smush-webp\/2024\/09\/FLEXIBLE.jpg.webp\" class=\"attachment-full size-full wp-image-11193\" \/>\t\t\t\t\t\t\t\t\t\t\t\t\t\t\t<\/div>\n\t\t\t\t<\/div>\n\t\t\t\t\t<\/div>\n\t\t\t\t<\/div>\n\t\t<div class=\"elementor-element elementor-element-d117824 e-flex e-con-boxed e-con e-parent\" data-id=\"d117824\" data-element_type=\"container\" data-e-type=\"container\">\n\t\t\t\t\t<div class=\"e-con-inner\">\n\t\t<div class=\"elementor-element elementor-element-e94d9a4 e-con-full e-flex e-con e-child\" data-id=\"e94d9a4\" data-element_type=\"container\" data-e-type=\"container\">\n\t\t\t\t<div class=\"elementor-element elementor-element-e3793db elementor-widget elementor-widget-image\" data-id=\"e3793db\" data-element_type=\"widget\" data-e-type=\"widget\" data-widget_type=\"image.default\">\n\t\t\t\t\t\t\t\t\t\t\t\t\t\t\t<img loading=\"lazy\" decoding=\"async\" width=\"1430\" height=\"850\" src=\"https:\/\/www.polipaks.com\/wp-content\/smush-webp\/2024\/09\/ECOVADIS.jpg.webp\" class=\"attachment-full size-full wp-image-11192\" \/>\t\t\t\t\t\t\t\t\t\t\t\t\t\t\t<\/div>\n\t\t\t\t<\/div>\n\t\t<div class=\"elementor-element elementor-element-d8d351a e-con-full e-flex e-con e-child\" data-id=\"d8d351a\" data-element_type=\"container\" data-e-type=\"container\">\n\t\t\t\t<div class=\"elementor-element elementor-element-a1876d3 elementor-widget elementor-widget-heading\" data-id=\"a1876d3\" data-element_type=\"widget\" data-e-type=\"widget\" data-widget_type=\"heading.default\">\n\t\t\t\t\t<h2 class=\"elementor-heading-title elementor-size-default\">EcoVadis<\/h2>\t\t\t\t<\/div>\n\t\t\t\t<div class=\"elementor-element elementor-element-07f2c6f elementor-widget elementor-widget-text-editor\" data-id=\"07f2c6f\" data-element_type=\"widget\" data-e-type=\"widget\" data-widget_type=\"text-editor.default\">\n\t\t\t\t\t\t\t\t\t<p>EcoVadis nodro\u0161ina ikgad\u0113ju ilgtsp\u0113j\u012bbas nov\u0113rt\u0113jumu, kas pal\u012bdz mums nov\u0113rt\u0113t un uzlabot savu vides un soci\u0101lo praksi. Tas ir pasaul\u0113 liel\u0101kais un uzticam\u0101kais uz\u0146\u0113mumu ilgtsp\u0113j\u012bbas nov\u0113rt\u0113jums, kas aptver vair\u0101k nek\u0101 130 000 uz\u0146\u0113mumu vis\u0101 pasaul\u0113.<\/p>\t\t\t\t\t\t\t\t<\/div>\n\t\t\t\t<\/div>\n\t\t\t\t\t<\/div>\n\t\t\t\t<\/div>\n\t\t\t\t<\/div>","protected":false},"excerpt":{"rendered":"<p>Certificates and Memberships Our certifications and memberships reflect our commitment to quality, sustainability, and industry best practices. These accreditations and affiliations ensure that we meet the highest standards across all aspects of our operations, from financial stability and product safety to environmental responsibility and innovation. CrefoCert CrefoCert certifies our company&#8217;s stability and quality, promoting our [&hellip;]<\/p>\n","protected":false},"author":1,"featured_media":0,"parent":9775,"menu_order":0,"comment_status":"closed","ping_status":"closed","template":"elementor_header_footer","meta":{"_acf_changed":false,"inline_featured_image":false,"footnotes":""},"class_list":["post-9790","page","type-page","status-publish","hentry"],"acf":[],"aioseo_notices":[],"_links":{"self":[{"href":"https:\/\/www.polipaks.com\/lv\/wp-json\/wp\/v2\/pages\/9790","targetHints":{"allow":["GET"]}}],"collection":[{"href":"https:\/\/www.polipaks.com\/lv\/wp-json\/wp\/v2\/pages"}],"about":[{"href":"https:\/\/www.polipaks.com\/lv\/wp-json\/wp\/v2\/types\/page"}],"author":[{"embeddable":true,"href":"https:\/\/www.polipaks.com\/lv\/wp-json\/wp\/v2\/users\/1"}],"replies":[{"embeddable":true,"href":"https:\/\/www.polipaks.com\/lv\/wp-json\/wp\/v2\/comments?post=9790"}],"version-history":[{"count":0,"href":"https:\/\/www.polipaks.com\/lv\/wp-json\/wp\/v2\/pages\/9790\/revisions"}],"up":[{"embeddable":true,"href":"https:\/\/www.polipaks.com\/lv\/wp-json\/wp\/v2\/pages\/9775"}],"wp:attachment":[{"href":"https:\/\/www.polipaks.com\/lv\/wp-json\/wp\/v2\/media?parent=9790"}],"curies":[{"name":"wp","href":"https:\/\/api.w.org\/{rel}","templated":true}]}}