{"id":9588,"date":"2024-08-13T18:36:15","date_gmt":"2024-08-13T18:36:15","guid":{"rendered":"https:\/\/polipaks.com\/?page_id=9588"},"modified":"2025-01-17T17:17:16","modified_gmt":"2025-01-17T15:17:16","slug":"produkti","status":"publish","type":"page","link":"https:\/\/www.polipaks.com\/lv\/produkti\/","title":{"rendered":"Produkti"},"content":{"rendered":"<div data-elementor-type=\"wp-page\" data-elementor-id=\"9588\" class=\"elementor elementor-9588\" data-elementor-post-type=\"page\">\n\t\t\t\t<div class=\"elementor-element elementor-element-aa325a9 e-flex e-con-boxed e-con e-parent\" data-id=\"aa325a9\" data-element_type=\"container\" data-e-type=\"container\">\n\t\t\t\t\t<div class=\"e-con-inner\">\n\t\t<div class=\"elementor-element elementor-element-e445e63 e-con-full e-flex e-con e-child\" data-id=\"e445e63\" data-element_type=\"container\" data-e-type=\"container\">\n\t\t\t\t<div class=\"elementor-element elementor-element-b2563df elementor-widget elementor-widget-heading\" data-id=\"b2563df\" data-element_type=\"widget\" data-e-type=\"widget\" data-widget_type=\"heading.default\">\n\t\t\t\t\t<h2 class=\"elementor-heading-title elementor-size-default\">Produkti<\/h2>\t\t\t\t<\/div>\n\t\t\t\t<div class=\"elementor-element elementor-element-f13abf4 elementor-widget elementor-widget-text-editor\" data-id=\"f13abf4\" data-element_type=\"widget\" data-e-type=\"widget\" data-widget_type=\"text-editor.default\">\n\t\t\t\t\t\t\t\t\t<p><span style=\"font-weight: 400;\">M\u016bsu elast\u012bg\u0101 iepakojuma risin\u0101jumi ir daudzpus\u012bgi un piel\u0101gojami, tie aizsarg\u0101 produktus no mitruma, gaismas un sk\u0101bek\u013ca, lai pagarin\u0101tu to der\u012bguma termi\u0146u da\u017e\u0101d\u0101s nozar\u0113s. M\u0113s pied\u0101v\u0101jam pilnu otrreiz\u0113jai p\u0101rstr\u0101dei izstr\u0101d\u0101t\u0101 dizaina (D4R) kl\u0101stu un specializ\u0113jamies da\u017e\u0101du jau gatavu maisu un pl\u0113vju ra\u017eo\u0161an\u0101.<\/span><\/p>\t\t\t\t\t\t\t\t<\/div>\n\t\t\t\t<\/div>\n\t\t\t\t\t<\/div>\n\t\t\t\t<\/div>\n\t\t<div class=\"elementor-element elementor-element-91dba86 e-flex e-con-boxed e-con e-parent\" data-id=\"91dba86\" data-element_type=\"container\" data-e-type=\"container\">\n\t\t\t\t\t<div class=\"e-con-inner\">\n\t\t<a class=\"elementor-element elementor-element-de5e4fd e-con-full e-flex e-con e-child\" data-id=\"de5e4fd\" data-element_type=\"container\" data-e-type=\"container\" href=\"\/lv\/produkts\/maisi-ar-plakanu-pamatni\/\">\n\t\t\t\t<div class=\"elementor-element elementor-element-0f22ff1 elementor-position-top elementor-widget elementor-widget-image-box\" data-id=\"0f22ff1\" data-element_type=\"widget\" data-e-type=\"widget\" data-widget_type=\"image-box.default\">\n\t\t\t\t\t<div class=\"elementor-image-box-wrapper\"><figure class=\"elementor-image-box-img\"><img fetchpriority=\"high\" decoding=\"async\" width=\"2560\" height=\"2560\" src=\"https:\/\/www.polipaks.com\/wp-content\/smush-webp\/2024\/08\/Flatbottom_Green-min-scaled.jpg.webp\" class=\"attachment-full size-full wp-image-9843\" \/><\/figure><div class=\"elementor-image-box-content\"><h2 class=\"elementor-image-box-title\">Maisi ar plakanu pamatni<\/h2><p class=\"elementor-image-box-description\">Augst\u0101k\u0101s kvalit\u0101tes iepakojums m\u0101jdz\u012bvnieku bar\u012bbai, uztura bag\u0101tin\u0101t\u0101jiem un prote\u012bna pulveriem, uzkodu un saldumu tirgiem\n<\/p><\/div><\/div>\t\t\t\t<\/div>\n\t\t\t\t<\/a>\n\t\t<div class=\"elementor-element elementor-element-68683f7 e-con-full e-flex e-con e-child\" data-id=\"68683f7\" data-element_type=\"container\" data-e-type=\"container\">\n\t\t\t\t<div class=\"elementor-element elementor-element-43a44c4 elementor-position-top elementor-widget elementor-widget-image-box\" data-id=\"43a44c4\" data-element_type=\"widget\" data-e-type=\"widget\" data-widget_type=\"image-box.default\">\n\t\t\t\t\t<div class=\"elementor-image-box-wrapper\"><figure class=\"elementor-image-box-img\"><a href=\"\/lv\/produkts\/quadseal-bag\/\" tabindex=\"-1\"><img decoding=\"async\" width=\"1245\" height=\"1245\" src=\"https:\/\/www.polipaks.com\/wp-content\/smush-webp\/2024\/08\/Slider_bag_green.jpg.webp\" class=\"attachment-full size-full wp-image-9082\" \/><\/a><\/figure><div class=\"elementor-image-box-content\"><h3 class=\"elementor-image-box-title\"><a href=\"\/lv\/produkts\/quadseal-bag\/\">\u010cetr\u0161uvju maisi<\/a><\/h3><p class=\"elementor-image-box-description\">Stabils iepakojums m\u0101jdz\u012bvnieku bar\u012bbas, uzkodu un saldumu tirgiem<\/p><\/div><\/div>\t\t\t\t<\/div>\n\t\t\t\t<\/div>\n\t\t<div class=\"elementor-element elementor-element-311092a e-con-full e-flex e-con e-child\" data-id=\"311092a\" data-element_type=\"container\" data-e-type=\"container\">\n\t\t\t\t<div class=\"elementor-element elementor-element-b74a4e3 elementor-position-top elementor-widget elementor-widget-image-box\" data-id=\"b74a4e3\" data-element_type=\"widget\" data-e-type=\"widget\" data-widget_type=\"image-box.default\">\n\t\t\t\t\t<div class=\"elementor-image-box-wrapper\"><figure class=\"elementor-image-box-img\"><a href=\"\/lv\/produkts\/stand-up-pouch\/\" tabindex=\"-1\"><img decoding=\"async\" width=\"2560\" height=\"2560\" src=\"https:\/\/www.polipaks.com\/wp-content\/smush-webp\/2024\/08\/SUP_RC_Green-scaled.jpg.webp\" class=\"attachment-full size-full wp-image-9049\" \/><\/a><\/figure><div class=\"elementor-image-box-content\"><h3 class=\"elementor-image-box-title\"><a href=\"\/lv\/produkts\/stand-up-pouch\/\">St\u0101vpakas<\/a><\/h3><p class=\"elementor-image-box-description\">Piel\u0101gojams iepakojums ar izcilu noform\u0113jumu m\u0101jdz\u012bvnieku bar\u012bbai un da\u017e\u0101d\u0101m p\u0101rtikas nozar\u0113m, tostarp sald\u0113tiem produktiem\n<\/p><\/div><\/div>\t\t\t\t<\/div>\n\t\t\t\t<\/div>\n\t\t<div class=\"elementor-element elementor-element-6839400 e-con-full e-flex e-con e-child\" data-id=\"6839400\" data-element_type=\"container\" data-e-type=\"container\">\n\t\t\t\t<div class=\"elementor-element elementor-element-581edb4 elementor-position-top elementor-widget elementor-widget-image-box\" data-id=\"581edb4\" data-element_type=\"widget\" data-e-type=\"widget\" data-widget_type=\"image-box.default\">\n\t\t\t\t\t<div class=\"elementor-image-box-wrapper\"><figure class=\"elementor-image-box-img\"><a href=\"\/lv\/produkts\/bottom-seal-bag\/\" tabindex=\"-1\"><img loading=\"lazy\" decoding=\"async\" width=\"1144\" height=\"1145\" src=\"https:\/\/www.polipaks.com\/wp-content\/smush-webp\/2024\/08\/BOTTOM-SEAL-BAG-WITH-SIDE-GUSSETS.jpg.webp\" class=\"attachment-full size-full wp-image-9086\" \/><\/a><\/figure><div class=\"elementor-image-box-content\"><h3 class=\"elementor-image-box-title\"><a href=\"\/lv\/produkts\/bottom-seal-bag\/\">Maisi ar apak\u0161\u0113jo \u0161uvi<\/a><\/h3><p class=\"elementor-image-box-description\">Iztur\u012bgs, augstas notur\u012bbas iepakojums m\u0101jdz\u012bvnieku bar\u012bbai, graudaugiem un beramajiem produktiem\n<\/p><\/div><\/div>\t\t\t\t<\/div>\n\t\t\t\t<\/div>\n\t\t\t\t\t<\/div>\n\t\t\t\t<\/div>\n\t\t<div class=\"elementor-element elementor-element-994ff8f e-flex e-con-boxed e-con e-parent\" data-id=\"994ff8f\" data-element_type=\"container\" data-e-type=\"container\">\n\t\t\t\t\t<div class=\"e-con-inner\">\n\t\t<div class=\"elementor-element elementor-element-67ea849 e-con-full e-flex e-con e-child\" data-id=\"67ea849\" data-element_type=\"container\" data-e-type=\"container\">\n\t\t\t\t<div class=\"elementor-element elementor-element-1b3c2c7 elementor-position-top elementor-widget elementor-widget-image-box\" data-id=\"1b3c2c7\" data-element_type=\"widget\" data-e-type=\"widget\" data-widget_type=\"image-box.default\">\n\t\t\t\t\t<div class=\"elementor-image-box-wrapper\"><figure class=\"elementor-image-box-img\"><a href=\"\/lv\/produkts\/side-seal-bag\/\" tabindex=\"-1\"><img loading=\"lazy\" decoding=\"async\" width=\"1118\" height=\"1118\" src=\"https:\/\/www.polipaks.com\/wp-content\/smush-webp\/2024\/08\/SIDE-SEAL-BAG-WITH-TOP-LOADING.jpg.webp\" class=\"attachment-full size-full wp-image-9085\" \/><\/a><\/figure><div class=\"elementor-image-box-content\"><h3 class=\"elementor-image-box-title\"><a href=\"\/lv\/produkts\/side-seal-bag\/\">Maisi ar s\u0101nu \u0161uv\u0113m<\/a><\/h3><p class=\"elementor-image-box-description\">Daudzpus\u012bgs iepakojums, kas paredz\u0113ts aug\u013ciem, d\u0101rze\u0146iem un sald\u0113tiem produktiem<\/p><\/div><\/div>\t\t\t\t<\/div>\n\t\t\t\t<\/div>\n\t\t<div class=\"elementor-element elementor-element-a1683e4 e-con-full e-flex e-con e-child\" data-id=\"a1683e4\" data-element_type=\"container\" data-e-type=\"container\">\n\t\t\t\t<div class=\"elementor-element elementor-element-bed1ff5 elementor-position-top elementor-widget elementor-widget-image-box\" data-id=\"bed1ff5\" data-element_type=\"widget\" data-e-type=\"widget\" data-widget_type=\"image-box.default\">\n\t\t\t\t\t<div class=\"elementor-image-box-wrapper\"><figure class=\"elementor-image-box-img\"><a href=\"\/lv\/produkts\/vacuum-bag\/\" tabindex=\"-1\"><img loading=\"lazy\" decoding=\"async\" width=\"1206\" height=\"1206\" src=\"https:\/\/www.polipaks.com\/wp-content\/smush-webp\/2024\/08\/Vacuum_green.jpg.webp\" class=\"attachment-full size-full wp-image-9084\" \/><\/a><\/figure><div class=\"elementor-image-box-content\"><h3 class=\"elementor-image-box-title\"><a href=\"\/lv\/produkts\/vacuum-bag\/\">Vakuuma maisi<\/a><\/h3><p class=\"elementor-image-box-description\">Iepakojums ar izcilu g\u0101zes un mitruma aizsardz\u012bbu izmanto\u0161anai m\u0101jdz\u012bvnieku bar\u012bbas un da\u017e\u0101d\u0101s p\u0101rtikas nozar\u0113s<\/p><\/div><\/div>\t\t\t\t<\/div>\n\t\t\t\t<\/div>\n\t\t<div class=\"elementor-element elementor-element-e3d42ff e-con-full e-flex e-con e-child\" data-id=\"e3d42ff\" data-element_type=\"container\" data-e-type=\"container\">\n\t\t\t\t<div class=\"elementor-element elementor-element-4ba8da2 elementor-position-top elementor-widget elementor-widget-image-box\" data-id=\"4ba8da2\" data-element_type=\"widget\" data-e-type=\"widget\" data-widget_type=\"image-box.default\">\n\t\t\t\t\t<div class=\"elementor-image-box-wrapper\"><figure class=\"elementor-image-box-img\"><a href=\"\/lv\/produkts\/wicket-bag\/\" tabindex=\"-1\"><img loading=\"lazy\" decoding=\"async\" width=\"2560\" height=\"2560\" src=\"https:\/\/www.polipaks.com\/wp-content\/smush-webp\/2024\/08\/Wicket-bag_Green-min-scaled.jpg.webp\" class=\"attachment-full size-full wp-image-9845\" \/><\/a><\/figure><div class=\"elementor-image-box-content\"><h3 class=\"elementor-image-box-title\"><a href=\"\/lv\/produkts\/wicket-bag\/\">Maizes maisi<\/a><\/h3><p class=\"elementor-image-box-description\">Optim\u0101ls iepakojums maizes tirgum un da\u017e\u0101d\u0101m p\u0101rtikas r\u016bpniec\u012bbas nozar\u0113m, tostarp sald\u0113tiem produktiem<\/p><\/div><\/div>\t\t\t\t<\/div>\n\t\t\t\t<\/div>\n\t\t<div class=\"elementor-element elementor-element-3e7999b e-con-full e-flex e-con e-child\" data-id=\"3e7999b\" data-element_type=\"container\" data-e-type=\"container\">\n\t\t\t\t<div class=\"elementor-element elementor-element-c5607be elementor-position-top elementor-widget elementor-widget-image-box\" data-id=\"c5607be\" data-element_type=\"widget\" data-e-type=\"widget\" data-widget_type=\"image-box.default\">\n\t\t\t\t\t<div class=\"elementor-image-box-wrapper\"><figure class=\"elementor-image-box-img\"><a href=\"\/lv\/pleves\/pleves-rullos\/\" tabindex=\"-1\"><img loading=\"lazy\" decoding=\"async\" width=\"2560\" height=\"2560\" src=\"https:\/\/www.polipaks.com\/wp-content\/smush-webp\/2024\/08\/PP_FILMS_FFS-min-scaled.jpg.webp\" class=\"attachment-full size-full wp-image-9969\" \/><\/a><\/figure><div class=\"elementor-image-box-content\"><h2 class=\"elementor-image-box-title\"><a href=\"\/lv\/pleves\/pleves-rullos\/\">Pl\u0113ves ru\u013c\u013cos<\/a><\/h2><p class=\"elementor-image-box-description\">\u0160\u012bs pl\u0113ves ir rentabla alternat\u012bva jau gataviem maisiem, piem\u0113rota visiem p\u0101rtikas tirgiem un m\u0101jdz\u012bvnieku bar\u012bbai<\/p><\/div><\/div>\t\t\t\t<\/div>\n\t\t\t\t<\/div>\n\t\t\t\t\t<\/div>\n\t\t\t\t<\/div>\n\t\t<div class=\"elementor-element elementor-element-06d9499 e-flex e-con-boxed e-con e-parent\" data-id=\"06d9499\" data-element_type=\"container\" data-e-type=\"container\">\n\t\t\t\t\t<div class=\"e-con-inner\">\n\t\t<div class=\"elementor-element elementor-element-d643754 e-con-full e-flex e-con e-child\" data-id=\"d643754\" data-element_type=\"container\" data-e-type=\"container\">\n\t\t\t\t<div class=\"elementor-element elementor-element-c61717a elementor-position-top elementor-widget elementor-widget-image-box\" data-id=\"c61717a\" data-element_type=\"widget\" data-e-type=\"widget\" data-widget_type=\"image-box.default\">\n\t\t\t\t\t<div class=\"elementor-image-box-wrapper\"><figure class=\"elementor-image-box-img\"><a href=\"\/lv\/produkti\/pleves\/virsejas-pleves\/\" tabindex=\"-1\"><img loading=\"lazy\" decoding=\"async\" width=\"2560\" height=\"2560\" src=\"https:\/\/www.polipaks.com\/wp-content\/smush-webp\/2024\/08\/PP_FILMS_LIDDING-min-scaled.jpg.webp\" class=\"attachment-full size-full wp-image-9971\" \/><\/a><\/figure><div class=\"elementor-image-box-content\"><h3 class=\"elementor-image-box-title\"><a href=\"\/lv\/produkti\/pleves\/virsejas-pleves\/\">Virs\u0113j\u0101s pl\u0113ves<\/a><\/h3><p class=\"elementor-image-box-description\">Pl\u0113ves ar pla\u0161u tehnisko \u012bpa\u0161\u012bbu kl\u0101stu da\u017e\u0101diem p\u0101rtikas tirgiem\n<\/p><\/div><\/div>\t\t\t\t<\/div>\n\t\t\t\t<\/div>\n\t\t<div class=\"elementor-element elementor-element-b734322 e-con-full e-flex e-con e-child\" data-id=\"b734322\" data-element_type=\"container\" data-e-type=\"container\">\n\t\t\t\t<div class=\"elementor-element elementor-element-c3c7d99 elementor-position-top elementor-widget elementor-widget-image-box\" data-id=\"c3c7d99\" data-element_type=\"widget\" data-e-type=\"widget\" data-widget_type=\"image-box.default\">\n\t\t\t\t\t<div class=\"elementor-image-box-wrapper\"><figure class=\"elementor-image-box-img\"><a href=\"\/lv\/produkti\/pleves\/bag-in-box-iepakojuma-konvereriem-paredzetas-pleves\/\" tabindex=\"-1\"><img loading=\"lazy\" decoding=\"async\" width=\"2560\" height=\"2560\" src=\"https:\/\/www.polipaks.com\/wp-content\/smush-webp\/2024\/08\/PP_FILMS_BAG-IN-BOX-min-scaled.jpg.webp\" class=\"attachment-full size-full wp-image-9970\" \/><\/a><\/figure><div class=\"elementor-image-box-content\"><h3 class=\"elementor-image-box-title\"><a href=\"\/lv\/produkti\/pleves\/bag-in-box-iepakojuma-konvereriem-paredzetas-pleves\/\">\u201cBag-in-box\u201d iepakojuma konverteriem paredz\u0113t\u0101s pl\u0113ves<\/a><\/h3><p class=\"elementor-image-box-description\">Nodro\u0161ina vislab\u0101ko produktu kvalit\u0101ti ar izcilu uzglab\u0101\u0161anas, transport\u0113\u0161anas un sk\u0101bek\u013ca barjeru\n<\/p><\/div><\/div>\t\t\t\t<\/div>\n\t\t\t\t<\/div>\n\t\t<div class=\"elementor-element elementor-element-b530234 e-con-full e-flex e-con e-child\" data-id=\"b530234\" data-element_type=\"container\" data-e-type=\"container\">\n\t\t\t\t<div class=\"elementor-element elementor-element-922ae5c elementor-position-top elementor-widget elementor-widget-image-box\" data-id=\"922ae5c\" data-element_type=\"widget\" data-e-type=\"widget\" data-widget_type=\"image-box.default\">\n\t\t\t\t\t<div class=\"elementor-image-box-wrapper\"><figure class=\"elementor-image-box-img\"><a href=\"\/lv\/produkti\/pleves\/sarukuma-pleves\/\" tabindex=\"-1\"><img loading=\"lazy\" decoding=\"async\" width=\"2560\" height=\"2560\" src=\"https:\/\/www.polipaks.com\/wp-content\/smush-webp\/2024\/08\/PP_FILMS_SHRINK-min-scaled.jpg.webp\" class=\"attachment-full size-full wp-image-9972\" \/><\/a><\/figure><div class=\"elementor-image-box-content\"><h3 class=\"elementor-image-box-title\"><a href=\"\/lv\/produkti\/pleves\/sarukuma-pleves\/\">Sarukuma pl\u0113ves<\/a><\/h3><p class=\"elementor-image-box-description\">Perfekts risin\u0101jums da\u017e\u0101du p\u0101rtikas un nep\u0101rtikas produktu sekund\u0101rajam iesai\u0146ojumam<\/p><\/div><\/div>\t\t\t\t<\/div>\n\t\t\t\t<\/div>\n\t\t<a class=\"elementor-element elementor-element-19c26e2 e-con-full e-flex e-con e-child\" data-id=\"19c26e2\" data-element_type=\"container\" data-e-type=\"container\" href=\"\/lv\/produkti\/pleves\/pleves-rullos\/\">\n\t\t\t\t<\/a>\n\t\t\t\t\t<\/div>\n\t\t\t\t<\/div>\n\t\t\t\t<\/div>","protected":false},"excerpt":{"rendered":"<p>Products Our flexible packaging solutions deliver versatility and adaptability, protecting products from moisture, light, and oxygen to extend their shelf life across diverse industries. We offer a complete range of Design for Recycling (D4R) structures and specialize in producing a wide variety of pre-made bags and films. Flat Bottom Bags Premium packaging for pet food, [&hellip;]<\/p>\n","protected":false},"author":1,"featured_media":0,"parent":0,"menu_order":0,"comment_status":"closed","ping_status":"closed","template":"elementor_header_footer","meta":{"_acf_changed":false,"inline_featured_image":false,"footnotes":""},"class_list":["post-9588","page","type-page","status-publish","hentry"],"acf":[],"aioseo_notices":[],"_links":{"self":[{"href":"https:\/\/www.polipaks.com\/lv\/wp-json\/wp\/v2\/pages\/9588","targetHints":{"allow":["GET"]}}],"collection":[{"href":"https:\/\/www.polipaks.com\/lv\/wp-json\/wp\/v2\/pages"}],"about":[{"href":"https:\/\/www.polipaks.com\/lv\/wp-json\/wp\/v2\/types\/page"}],"author":[{"embeddable":true,"href":"https:\/\/www.polipaks.com\/lv\/wp-json\/wp\/v2\/users\/1"}],"replies":[{"embeddable":true,"href":"https:\/\/www.polipaks.com\/lv\/wp-json\/wp\/v2\/comments?post=9588"}],"version-history":[{"count":0,"href":"https:\/\/www.polipaks.com\/lv\/wp-json\/wp\/v2\/pages\/9588\/revisions"}],"wp:attachment":[{"href":"https:\/\/www.polipaks.com\/lv\/wp-json\/wp\/v2\/media?parent=9588"}],"curies":[{"name":"wp","href":"https:\/\/api.w.org\/{rel}","templated":true}]}}