{"id":8620,"date":"2024-07-01T08:11:02","date_gmt":"2024-07-01T08:11:02","guid":{"rendered":"https:\/\/polipaks.com\/?page_id=8620"},"modified":"2025-01-17T17:18:41","modified_gmt":"2025-01-17T15:18:41","slug":"maisi","status":"publish","type":"page","link":"https:\/\/www.polipaks.com\/lv\/produkti\/maisi\/","title":{"rendered":"Maisi"},"content":{"rendered":"<div data-elementor-type=\"wp-page\" data-elementor-id=\"8620\" class=\"elementor elementor-8620\" data-elementor-post-type=\"page\">\n\t\t\t\t<div class=\"elementor-element elementor-element-fe5aa90 e-flex e-con-boxed e-con e-parent\" data-id=\"fe5aa90\" data-element_type=\"container\" data-e-type=\"container\">\n\t\t\t\t\t<div class=\"e-con-inner\">\n\t\t<div class=\"elementor-element elementor-element-36cf876 e-con-full elementor-hidden-desktop elementor-hidden-laptop e-flex e-con e-child\" data-id=\"36cf876\" data-element_type=\"container\" data-e-type=\"container\" data-settings=\"{&quot;background_background&quot;:&quot;classic&quot;}\">\n\t\t\t\t<div class=\"elementor-element elementor-element-278e9f7 elementor-widget elementor-widget-video\" data-id=\"278e9f7\" data-element_type=\"widget\" data-e-type=\"widget\" data-settings=\"{&quot;video_type&quot;:&quot;hosted&quot;,&quot;autoplay&quot;:&quot;yes&quot;,&quot;play_on_mobile&quot;:&quot;yes&quot;,&quot;mute&quot;:&quot;yes&quot;,&quot;loop&quot;:&quot;yes&quot;}\" data-widget_type=\"video.default\">\n\t\t\t\t\t\t\t<div class=\"e-hosted-video elementor-wrapper elementor-open-inline\">\n\t\t\t\t\t<video class=\"elementor-video\" src=\"\/wp-content\/uploads\/2024\/08\/polipaks-bags.mp4\" autoplay=\"\" loop=\"\" muted=\"muted\" playsinline=\"\" controlslist=\"nodownload\"><\/video>\n\t\t\t\t<\/div>\n\t\t\t\t\t\t<\/div>\n\t\t\t\t<\/div>\n\t\t<div class=\"elementor-element elementor-element-7d527fe e-con-full e-flex e-con e-child\" data-id=\"7d527fe\" data-element_type=\"container\" data-e-type=\"container\">\n\t\t\t\t<div class=\"elementor-element elementor-element-8874d00 elementor-widget elementor-widget-heading\" data-id=\"8874d00\" data-element_type=\"widget\" data-e-type=\"widget\" data-widget_type=\"heading.default\">\n\t\t\t\t\t<h2 class=\"elementor-heading-title elementor-size-default\">Maisi<\/h2>\t\t\t\t<\/div>\n\t\t\t\t<div class=\"elementor-element elementor-element-75cee41 elementor-widget elementor-widget-text-editor\" data-id=\"75cee41\" data-element_type=\"widget\" data-e-type=\"widget\" data-widget_type=\"text-editor.default\">\n\t\t\t\t\t\t\t\t\t<p><span style=\"font-weight: 400;\">M\u0113s specializ\u0113jamies pla\u0161a sortimenta maisu ra\u017eo\u0161an\u0101 ar jaudu, kas p\u0101rsniedz 50 miljonus vien\u012bbu m\u0113nes\u012b. Izmantojot progres\u012bvas tehnolo\u0123ijas un augstas kvalit\u0101tes materi\u0101lus, m\u0113s pied\u0101v\u0101jam piel\u0101gotus risin\u0101jumus, kas ir piem\u0113roti da\u017e\u0101d\u0101m nozar\u0113m. M\u0113s esam ap\u0146\u0113mu\u0161ies iev\u0113rot ilgtsp\u0113j\u012bbas principus, t\u0101p\u0113c izstr\u0101d\u0101jam videi draudz\u012bg\u0101kus iepakojumus, nodro\u0161inot, ka m\u016bsu klientu vajadz\u012bbas tiek apmierin\u0101tas, vienlaikus iev\u0113rojot jaun\u0101kos normat\u012bvos aktus.<\/span><\/p>\t\t\t\t\t\t\t\t<\/div>\n\t\t\t\t<\/div>\n\t\t<div class=\"elementor-element elementor-element-1a3a5c9 e-con-full elementor-hidden-tablet elementor-hidden-mobile e-flex e-con e-child\" data-id=\"1a3a5c9\" data-element_type=\"container\" data-e-type=\"container\" data-settings=\"{&quot;background_background&quot;:&quot;classic&quot;}\">\n\t\t\t\t<div class=\"elementor-element elementor-element-0317325 elementor-widget elementor-widget-video\" data-id=\"0317325\" data-element_type=\"widget\" data-e-type=\"widget\" data-settings=\"{&quot;video_type&quot;:&quot;hosted&quot;,&quot;autoplay&quot;:&quot;yes&quot;,&quot;play_on_mobile&quot;:&quot;yes&quot;,&quot;mute&quot;:&quot;yes&quot;,&quot;loop&quot;:&quot;yes&quot;}\" data-widget_type=\"video.default\">\n\t\t\t\t\t\t\t<div class=\"e-hosted-video elementor-wrapper elementor-open-inline\">\n\t\t\t\t\t<video class=\"elementor-video\" src=\"\/wp-content\/uploads\/2024\/08\/polipaks-bags.mp4\" autoplay=\"\" loop=\"\" muted=\"muted\" playsinline=\"\" controlslist=\"nodownload\"><\/video>\n\t\t\t\t<\/div>\n\t\t\t\t\t\t<\/div>\n\t\t\t\t<\/div>\n\t\t\t\t\t<\/div>\n\t\t\t\t<\/div>\n\t\t<div class=\"elementor-element elementor-element-302e9c8 e-flex e-con-boxed e-con e-parent\" data-id=\"302e9c8\" data-element_type=\"container\" data-e-type=\"container\">\n\t\t\t\t\t<div class=\"e-con-inner\">\n\t\t<a class=\"elementor-element elementor-element-8c13eec e-con-full e-flex e-con e-child\" data-id=\"8c13eec\" data-element_type=\"container\" data-e-type=\"container\" href=\"\/lv\/produkts\/maisi-ar-plakanu-pamatni\/\">\n\t\t\t\t<div class=\"elementor-element elementor-element-a1effbe elementor-position-top elementor-widget elementor-widget-image-box\" data-id=\"a1effbe\" data-element_type=\"widget\" data-e-type=\"widget\" data-widget_type=\"image-box.default\">\n\t\t\t\t\t<div class=\"elementor-image-box-wrapper\"><figure class=\"elementor-image-box-img\"><img fetchpriority=\"high\" decoding=\"async\" width=\"2560\" height=\"2560\" src=\"https:\/\/www.polipaks.com\/wp-content\/smush-webp\/2024\/08\/Flatbottom_Green-min-scaled.jpg.webp\" class=\"attachment-full size-full wp-image-9843\" \/><\/figure><div class=\"elementor-image-box-content\"><h2 class=\"elementor-image-box-title\">Maisi ar plakanu pamatni<\/h2><p class=\"elementor-image-box-description\">Augst\u0101k\u0101s kvalit\u0101tes iepakojums m\u0101jdz\u012bvnieku bar\u012bbai, uztura bag\u0101tin\u0101t\u0101jiem un prote\u012bna pulveriem, uzkodu un saldumu tirgiem<\/p><\/div><\/div>\t\t\t\t<\/div>\n\t\t\t\t<\/a>\n\t\t<div class=\"elementor-element elementor-element-6bec7b1 e-con-full e-flex e-con e-child\" data-id=\"6bec7b1\" data-element_type=\"container\" data-e-type=\"container\">\n\t\t\t\t<div class=\"elementor-element elementor-element-8fa806c elementor-position-top elementor-widget elementor-widget-image-box\" data-id=\"8fa806c\" data-element_type=\"widget\" data-e-type=\"widget\" data-widget_type=\"image-box.default\">\n\t\t\t\t\t<div class=\"elementor-image-box-wrapper\"><figure class=\"elementor-image-box-img\"><a href=\"\/lv\/produkts\/quadseal-bag\/\" tabindex=\"-1\"><img decoding=\"async\" width=\"1245\" height=\"1245\" src=\"https:\/\/www.polipaks.com\/wp-content\/smush-webp\/2024\/08\/Slider_bag_green.jpg.webp\" class=\"attachment-full size-full wp-image-9082\" \/><\/a><\/figure><div class=\"elementor-image-box-content\"><h3 class=\"elementor-image-box-title\"><a href=\"\/lv\/produkts\/quadseal-bag\/\">\u010cetr\u0161uvju maisi<\/a><\/h3><p class=\"elementor-image-box-description\">Stabils iepakojums m\u0101jdz\u012bvnieku bar\u012bbas, uzkodu un saldumu tirgiem<\/p><\/div><\/div>\t\t\t\t<\/div>\n\t\t\t\t<\/div>\n\t\t<div class=\"elementor-element elementor-element-3c9f583 e-con-full e-flex e-con e-child\" data-id=\"3c9f583\" data-element_type=\"container\" data-e-type=\"container\">\n\t\t\t\t<div class=\"elementor-element elementor-element-9e9e163 elementor-position-top elementor-widget elementor-widget-image-box\" data-id=\"9e9e163\" data-element_type=\"widget\" data-e-type=\"widget\" data-widget_type=\"image-box.default\">\n\t\t\t\t\t<div class=\"elementor-image-box-wrapper\"><figure class=\"elementor-image-box-img\"><a href=\"\/lv\/produkts\/stand-up-pouch\/\" tabindex=\"-1\"><img decoding=\"async\" width=\"2560\" height=\"2560\" src=\"https:\/\/www.polipaks.com\/wp-content\/smush-webp\/2024\/08\/SUP_RC_Green-scaled.jpg.webp\" class=\"attachment-full size-full wp-image-9049\" \/><\/a><\/figure><div class=\"elementor-image-box-content\"><h3 class=\"elementor-image-box-title\"><a href=\"\/lv\/produkts\/stand-up-pouch\/\">St\u0101vpakas<\/a><\/h3><p class=\"elementor-image-box-description\">Piel\u0101gojams iepakojums ar izcilu noform\u0113jumu m\u0101jdz\u012bvnieku bar\u012bbai un da\u017e\u0101d\u0101m p\u0101rtikas nozar\u0113m, tostarp sald\u0113tiem produktiem<\/p><\/div><\/div>\t\t\t\t<\/div>\n\t\t\t\t<\/div>\n\t\t<div class=\"elementor-element elementor-element-a1bf174 e-con-full e-flex e-con e-child\" data-id=\"a1bf174\" data-element_type=\"container\" data-e-type=\"container\">\n\t\t\t\t<div class=\"elementor-element elementor-element-20800c5 elementor-position-top elementor-widget elementor-widget-image-box\" data-id=\"20800c5\" data-element_type=\"widget\" data-e-type=\"widget\" data-widget_type=\"image-box.default\">\n\t\t\t\t\t<div class=\"elementor-image-box-wrapper\"><figure class=\"elementor-image-box-img\"><a href=\"\/lv\/produkts\/bottom-seal-bag\/\" tabindex=\"-1\"><img loading=\"lazy\" decoding=\"async\" width=\"1144\" height=\"1145\" src=\"https:\/\/www.polipaks.com\/wp-content\/smush-webp\/2024\/08\/BOTTOM-SEAL-BAG-WITH-SIDE-GUSSETS.jpg.webp\" class=\"attachment-full size-full wp-image-9086\" \/><\/a><\/figure><div class=\"elementor-image-box-content\"><h3 class=\"elementor-image-box-title\"><a href=\"\/lv\/produkts\/bottom-seal-bag\/\">Maisi ar apak\u0161\u0113jo \u0161uvi<\/a><\/h3><p class=\"elementor-image-box-description\">Iztur\u012bgs, augstas notur\u012bbas iepakojums m\u0101jdz\u012bvnieku bar\u012bbai, graudaugiem un beramajiem produktiem<\/p><\/div><\/div>\t\t\t\t<\/div>\n\t\t\t\t<\/div>\n\t\t\t\t\t<\/div>\n\t\t\t\t<\/div>\n\t\t<div class=\"elementor-element elementor-element-b9c6211 e-flex e-con-boxed e-con e-parent\" data-id=\"b9c6211\" data-element_type=\"container\" data-e-type=\"container\">\n\t\t\t\t\t<div class=\"e-con-inner\">\n\t\t<div class=\"elementor-element elementor-element-6a30f9a e-con-full e-flex e-con e-child\" data-id=\"6a30f9a\" data-element_type=\"container\" data-e-type=\"container\">\n\t\t\t\t<div class=\"elementor-element elementor-element-c1fb64f elementor-position-top elementor-widget elementor-widget-image-box\" data-id=\"c1fb64f\" data-element_type=\"widget\" data-e-type=\"widget\" data-widget_type=\"image-box.default\">\n\t\t\t\t\t<div class=\"elementor-image-box-wrapper\"><figure class=\"elementor-image-box-img\"><a href=\"\/lv\/produkts\/side-seal-bag\/\" tabindex=\"-1\"><img loading=\"lazy\" decoding=\"async\" width=\"1118\" height=\"1118\" src=\"https:\/\/www.polipaks.com\/wp-content\/smush-webp\/2024\/08\/SIDE-SEAL-BAG-WITH-TOP-LOADING.jpg.webp\" class=\"attachment-full size-full wp-image-9085\" \/><\/a><\/figure><div class=\"elementor-image-box-content\"><h3 class=\"elementor-image-box-title\"><a href=\"\/lv\/produkts\/side-seal-bag\/\">Maisi ar s\u0101nu \u0161uv\u0113m<\/a><\/h3><p class=\"elementor-image-box-description\">Daudzpus\u012bgs iepakojums, kas paredz\u0113ts aug\u013ciem, d\u0101rze\u0146iem un sald\u0113tiem produktiem<\/p><\/div><\/div>\t\t\t\t<\/div>\n\t\t\t\t<\/div>\n\t\t<div class=\"elementor-element elementor-element-70a6b7a e-con-full e-flex e-con e-child\" data-id=\"70a6b7a\" data-element_type=\"container\" data-e-type=\"container\">\n\t\t\t\t<div class=\"elementor-element elementor-element-13a021f elementor-position-top elementor-widget elementor-widget-image-box\" data-id=\"13a021f\" data-element_type=\"widget\" data-e-type=\"widget\" data-widget_type=\"image-box.default\">\n\t\t\t\t\t<div class=\"elementor-image-box-wrapper\"><figure class=\"elementor-image-box-img\"><a href=\"\/lv\/produkts\/vacuum-bag\/\" tabindex=\"-1\"><img loading=\"lazy\" decoding=\"async\" width=\"1206\" height=\"1206\" src=\"https:\/\/www.polipaks.com\/wp-content\/smush-webp\/2024\/08\/Vacuum_green.jpg.webp\" class=\"attachment-full size-full wp-image-9084\" \/><\/a><\/figure><div class=\"elementor-image-box-content\"><h3 class=\"elementor-image-box-title\"><a href=\"\/lv\/produkts\/vacuum-bag\/\">Vakuuma maisi<\/a><\/h3><p class=\"elementor-image-box-description\">Iepakojums ar izcilu g\u0101zes un mitruma aizsardz\u012bbu izmanto\u0161anai m\u0101jdz\u012bvnieku bar\u012bbas un da\u017e\u0101d\u0101s p\u0101rtikas nozar\u0113s<\/p><\/div><\/div>\t\t\t\t<\/div>\n\t\t\t\t<\/div>\n\t\t<div class=\"elementor-element elementor-element-5a41ca7 e-con-full e-flex e-con e-child\" data-id=\"5a41ca7\" data-element_type=\"container\" data-e-type=\"container\">\n\t\t\t\t<div class=\"elementor-element elementor-element-c14fb71 elementor-position-top elementor-widget elementor-widget-image-box\" data-id=\"c14fb71\" data-element_type=\"widget\" data-e-type=\"widget\" data-widget_type=\"image-box.default\">\n\t\t\t\t\t<div class=\"elementor-image-box-wrapper\"><figure class=\"elementor-image-box-img\"><a href=\"\/lv\/produkts\/wicket-bag\/\" tabindex=\"-1\"><img loading=\"lazy\" decoding=\"async\" width=\"2560\" height=\"2560\" src=\"https:\/\/www.polipaks.com\/wp-content\/smush-webp\/2024\/08\/Wicket-bag_Green-min-scaled.jpg.webp\" class=\"attachment-full size-full wp-image-9845\" \/><\/a><\/figure><div class=\"elementor-image-box-content\"><h3 class=\"elementor-image-box-title\"><a href=\"\/lv\/produkts\/wicket-bag\/\">Maizes maisi<\/a><\/h3><p class=\"elementor-image-box-description\">Optim\u0101ls iepakojums maizes tirgum un da\u017e\u0101d\u0101m p\u0101rtikas r\u016bpniec\u012bbas nozar\u0113m, tostarp sald\u0113tiem produktiem<\/p><\/div><\/div>\t\t\t\t<\/div>\n\t\t\t\t<\/div>\n\t\t<div class=\"elementor-element elementor-element-f98d66c e-con-full e-flex e-con e-child\" data-id=\"f98d66c\" data-element_type=\"container\" data-e-type=\"container\">\n\t\t\t\t<\/div>\n\t\t\t\t\t<\/div>\n\t\t\t\t<\/div>\n\t\t\t\t<\/div>","protected":false},"excerpt":{"rendered":"<p>\/wp-content\/uploads\/2024\/08\/polipaks-bags.mp4 Bags We specialize in producing a wide range of bags with a monthly capacity exceeding 50 million units. By employing advanced technology and high-quality materials, we deliver customized solutions tailored to various industries. Our commitment to sustainability drives us to develop more environmentally-friendly packaging, ensuring our clients meet their needs while staying compliant with [&hellip;]<\/p>\n","protected":false},"author":1,"featured_media":0,"parent":9588,"menu_order":0,"comment_status":"closed","ping_status":"closed","template":"elementor_header_footer","meta":{"_acf_changed":false,"inline_featured_image":false,"footnotes":""},"class_list":["post-8620","page","type-page","status-publish","hentry"],"acf":[],"aioseo_notices":[],"_links":{"self":[{"href":"https:\/\/www.polipaks.com\/lv\/wp-json\/wp\/v2\/pages\/8620","targetHints":{"allow":["GET"]}}],"collection":[{"href":"https:\/\/www.polipaks.com\/lv\/wp-json\/wp\/v2\/pages"}],"about":[{"href":"https:\/\/www.polipaks.com\/lv\/wp-json\/wp\/v2\/types\/page"}],"author":[{"embeddable":true,"href":"https:\/\/www.polipaks.com\/lv\/wp-json\/wp\/v2\/users\/1"}],"replies":[{"embeddable":true,"href":"https:\/\/www.polipaks.com\/lv\/wp-json\/wp\/v2\/comments?post=8620"}],"version-history":[{"count":0,"href":"https:\/\/www.polipaks.com\/lv\/wp-json\/wp\/v2\/pages\/8620\/revisions"}],"up":[{"embeddable":true,"href":"https:\/\/www.polipaks.com\/lv\/wp-json\/wp\/v2\/pages\/9588"}],"wp:attachment":[{"href":"https:\/\/www.polipaks.com\/lv\/wp-json\/wp\/v2\/media?parent=8620"}],"curies":[{"name":"wp","href":"https:\/\/api.w.org\/{rel}","templated":true}]}}