{"id":8579,"date":"2024-07-01T06:58:39","date_gmt":"2024-07-01T06:58:39","guid":{"rendered":"https:\/\/polipaks.com\/?page_id=8579"},"modified":"2025-01-17T17:19:45","modified_gmt":"2025-01-17T15:19:45","slug":"pleves","status":"publish","type":"page","link":"https:\/\/www.polipaks.com\/lv\/produkti\/pleves\/","title":{"rendered":"Pl\u0113ves"},"content":{"rendered":"<div data-elementor-type=\"wp-page\" data-elementor-id=\"8579\" class=\"elementor elementor-8579\" data-elementor-post-type=\"page\">\n\t\t\t\t<div class=\"elementor-element elementor-element-c934853 e-flex e-con-boxed e-con e-parent\" data-id=\"c934853\" data-element_type=\"container\" data-e-type=\"container\">\n\t\t\t\t\t<div class=\"e-con-inner\">\n\t\t<div class=\"elementor-element elementor-element-3c0aab7 e-con-full elementor-hidden-desktop elementor-hidden-laptop e-flex e-con e-child\" data-id=\"3c0aab7\" data-element_type=\"container\" data-e-type=\"container\" data-settings=\"{&quot;background_background&quot;:&quot;classic&quot;}\">\n\t\t\t\t<div class=\"elementor-element elementor-element-4aec6eb elementor-widget elementor-widget-video\" data-id=\"4aec6eb\" data-element_type=\"widget\" data-e-type=\"widget\" data-settings=\"{&quot;video_type&quot;:&quot;hosted&quot;,&quot;autoplay&quot;:&quot;yes&quot;,&quot;play_on_mobile&quot;:&quot;yes&quot;,&quot;mute&quot;:&quot;yes&quot;,&quot;loop&quot;:&quot;yes&quot;}\" data-widget_type=\"video.default\">\n\t\t\t\t\t\t\t<div class=\"e-hosted-video elementor-wrapper elementor-open-inline\">\n\t\t\t\t\t<video class=\"elementor-video\" src=\"\/wp-content\/uploads\/2024\/08\/polipaks-films.mp4\" autoplay=\"\" loop=\"\" muted=\"muted\" playsinline=\"\" controlslist=\"nodownload\"><\/video>\n\t\t\t\t<\/div>\n\t\t\t\t\t\t<\/div>\n\t\t\t\t<\/div>\n\t\t<div class=\"elementor-element elementor-element-7435402 e-con-full e-flex e-con e-child\" data-id=\"7435402\" data-element_type=\"container\" data-e-type=\"container\">\n\t\t\t\t<div class=\"elementor-element elementor-element-1ae9df4 elementor-widget elementor-widget-heading\" data-id=\"1ae9df4\" data-element_type=\"widget\" data-e-type=\"widget\" data-widget_type=\"heading.default\">\n\t\t\t\t\t<h2 class=\"elementor-heading-title elementor-size-default\">Pl\u0113ves<\/h2>\t\t\t\t<\/div>\n\t\t\t\t<div class=\"elementor-element elementor-element-9b200de elementor-widget elementor-widget-text-editor\" data-id=\"9b200de\" data-element_type=\"widget\" data-e-type=\"widget\" data-widget_type=\"text-editor.default\">\n\t\t\t\t\t\t\t\t\t<p><span style=\"font-weight: 400;\">M\u016bsu pl\u0113ves nodro\u0161ina produktu uzglab\u0101\u0161anas ilgumu un vizu\u0101lo pievilc\u012bbu ar augstas kvalit\u0101tes apdruku, da\u017e\u0101d\u0101m lak\u0101m un citiem efektiem, nemazinot iek\u0101rtu darbsp\u0113ju un efektivit\u0101ti.\u00a0<\/span><\/p><p><span style=\"font-weight: 400;\">M\u0113s pied\u0101v\u0101jam pilnu otrreiz\u0113jai p\u0101rstr\u0101dei izstr\u0101d\u0101tu dizainu (D4R) kl\u0101stu.<\/span><\/p>\t\t\t\t\t\t\t\t<\/div>\n\t\t\t\t<\/div>\n\t\t<div class=\"elementor-element elementor-element-1881eb5 e-con-full elementor-hidden-tablet elementor-hidden-mobile e-flex e-con e-child\" data-id=\"1881eb5\" data-element_type=\"container\" data-e-type=\"container\" data-settings=\"{&quot;background_background&quot;:&quot;classic&quot;}\">\n\t\t\t\t<div class=\"elementor-element elementor-element-6b3de88 elementor-widget elementor-widget-video\" data-id=\"6b3de88\" data-element_type=\"widget\" data-e-type=\"widget\" data-settings=\"{&quot;video_type&quot;:&quot;hosted&quot;,&quot;autoplay&quot;:&quot;yes&quot;,&quot;play_on_mobile&quot;:&quot;yes&quot;,&quot;mute&quot;:&quot;yes&quot;,&quot;loop&quot;:&quot;yes&quot;}\" data-widget_type=\"video.default\">\n\t\t\t\t\t\t\t<div class=\"e-hosted-video elementor-wrapper elementor-open-inline\">\n\t\t\t\t\t<video class=\"elementor-video\" src=\"\/wp-content\/uploads\/2024\/08\/polipaks-films.mp4\" autoplay=\"\" loop=\"\" muted=\"muted\" playsinline=\"\" controlslist=\"nodownload\"><\/video>\n\t\t\t\t<\/div>\n\t\t\t\t\t\t<\/div>\n\t\t\t\t<\/div>\n\t\t\t\t\t<\/div>\n\t\t\t\t<\/div>\n\t\t<div class=\"elementor-element elementor-element-2a0a64e e-flex e-con-boxed e-con e-parent\" data-id=\"2a0a64e\" data-element_type=\"container\" data-e-type=\"container\">\n\t\t\t\t\t<div class=\"e-con-inner\">\n\t\t<a class=\"elementor-element elementor-element-47740d3 e-con-full e-flex e-con e-child\" data-id=\"47740d3\" data-element_type=\"container\" data-e-type=\"container\" href=\"\/lv\/produkti\/pleves\/pleves-rullos\/\">\n\t\t\t\t<div class=\"elementor-element elementor-element-0b0bb0c elementor-position-top elementor-widget elementor-widget-image-box\" data-id=\"0b0bb0c\" data-element_type=\"widget\" data-e-type=\"widget\" data-widget_type=\"image-box.default\">\n\t\t\t\t\t<div class=\"elementor-image-box-wrapper\"><figure class=\"elementor-image-box-img\"><img fetchpriority=\"high\" decoding=\"async\" width=\"2560\" height=\"2560\" src=\"https:\/\/www.polipaks.com\/wp-content\/smush-webp\/2024\/08\/PP_FILMS_FFS-min-scaled.jpg.webp\" class=\"attachment-full size-full wp-image-9969\" \/><\/figure><div class=\"elementor-image-box-content\"><h2 class=\"elementor-image-box-title\">Pl\u0113ves ru\u013c\u013cos<\/h2><p class=\"elementor-image-box-description\">\u0160\u012bs pl\u0113ves ir rentabla alternat\u012bva jau gataviem maisiem, piem\u0113rota visiem p\u0101rtikas tirgiem un m\u0101jdz\u012bvnieku bar\u012bbai\n<\/p><\/div><\/div>\t\t\t\t<\/div>\n\t\t\t\t<\/a>\n\t\t<div class=\"elementor-element elementor-element-b28bdc6 e-con-full e-flex e-con e-child\" data-id=\"b28bdc6\" data-element_type=\"container\" data-e-type=\"container\">\n\t\t\t\t<div class=\"elementor-element elementor-element-6c15d09 elementor-position-top elementor-widget elementor-widget-image-box\" data-id=\"6c15d09\" data-element_type=\"widget\" data-e-type=\"widget\" data-widget_type=\"image-box.default\">\n\t\t\t\t\t<div class=\"elementor-image-box-wrapper\"><figure class=\"elementor-image-box-img\"><a href=\"\/lv\/produkti\/pleves\/virsejas-pleves\/\" tabindex=\"-1\"><img decoding=\"async\" width=\"2560\" height=\"2560\" src=\"https:\/\/www.polipaks.com\/wp-content\/smush-webp\/2024\/08\/PP_FILMS_LIDDING-min-scaled.jpg.webp\" class=\"attachment-full size-full wp-image-9971\" \/><\/a><\/figure><div class=\"elementor-image-box-content\"><h3 class=\"elementor-image-box-title\"><a href=\"\/lv\/produkti\/pleves\/virsejas-pleves\/\">Virs\u0113j\u0101s pl\u0113ves<\/a><\/h3><p class=\"elementor-image-box-description\">Pl\u0113ves ar pla\u0161u tehnisko \u012bpa\u0161\u012bbu kl\u0101stu da\u017e\u0101diem p\u0101rtikas tirgiem\n<\/p><\/div><\/div>\t\t\t\t<\/div>\n\t\t\t\t<\/div>\n\t\t<div class=\"elementor-element elementor-element-10263cb e-con-full e-flex e-con e-child\" data-id=\"10263cb\" data-element_type=\"container\" data-e-type=\"container\">\n\t\t\t\t<div class=\"elementor-element elementor-element-97b4b71 elementor-position-top elementor-widget elementor-widget-image-box\" data-id=\"97b4b71\" data-element_type=\"widget\" data-e-type=\"widget\" data-widget_type=\"image-box.default\">\n\t\t\t\t\t<div class=\"elementor-image-box-wrapper\"><figure class=\"elementor-image-box-img\"><a href=\"\/lv\/produkti\/pleves\/bag-in-box-iepakojuma-konvereriem-paredzetas-pleves\/\" tabindex=\"-1\"><img decoding=\"async\" width=\"2560\" height=\"2560\" src=\"https:\/\/www.polipaks.com\/wp-content\/smush-webp\/2024\/08\/PP_FILMS_BAG-IN-BOX-min-scaled.jpg.webp\" class=\"attachment-full size-full wp-image-9970\" \/><\/a><\/figure><div class=\"elementor-image-box-content\"><h3 class=\"elementor-image-box-title\"><a href=\"\/lv\/produkti\/pleves\/bag-in-box-iepakojuma-konvereriem-paredzetas-pleves\/\">\u201cBag-in-box\u201d iepakojuma konverteriem paredz\u0113t\u0101s pl\u0113ves<\/a><\/h3><p class=\"elementor-image-box-description\">Nodro\u0161ina vislab\u0101ko produktu kvalit\u0101ti ar izcilu uzglab\u0101\u0161anas, transport\u0113\u0161anas un sk\u0101bek\u013ca barjeru\n<\/p><\/div><\/div>\t\t\t\t<\/div>\n\t\t\t\t<\/div>\n\t\t<div class=\"elementor-element elementor-element-31514fd e-con-full e-flex e-con e-child\" data-id=\"31514fd\" data-element_type=\"container\" data-e-type=\"container\">\n\t\t\t\t<div class=\"elementor-element elementor-element-b968e5c elementor-position-top elementor-widget elementor-widget-image-box\" data-id=\"b968e5c\" data-element_type=\"widget\" data-e-type=\"widget\" data-widget_type=\"image-box.default\">\n\t\t\t\t\t<div class=\"elementor-image-box-wrapper\"><figure class=\"elementor-image-box-img\"><a href=\"\/lv\/produkti\/pleves\/sarukuma-pleves\/\" tabindex=\"-1\"><img loading=\"lazy\" decoding=\"async\" width=\"2560\" height=\"2560\" src=\"https:\/\/www.polipaks.com\/wp-content\/smush-webp\/2024\/08\/PP_FILMS_SHRINK-min-scaled.jpg.webp\" class=\"attachment-full size-full wp-image-9972\" \/><\/a><\/figure><div class=\"elementor-image-box-content\"><h3 class=\"elementor-image-box-title\"><a href=\"\/lv\/produkti\/pleves\/sarukuma-pleves\/\">Sarukuma pl\u0113ves<\/a><\/h3><p class=\"elementor-image-box-description\">Perfekts risin\u0101jums da\u017e\u0101du p\u0101rtikas un nep\u0101rtikas produktu sekund\u0101rajam iesai\u0146ojumam\n<\/p><\/div><\/div>\t\t\t\t<\/div>\n\t\t\t\t<\/div>\n\t\t\t\t\t<\/div>\n\t\t\t\t<\/div>\n\t\t\t\t<\/div>","protected":false},"excerpt":{"rendered":"<p>\/wp-content\/uploads\/2024\/08\/polipaks-films.mp4 Films Our films ensure product shelf life and visual appeal with high-quality prints, various varnishes, and other effects, all without compromising machine runnability and efficiency. We offer a complete product range in design for recycling (D4R) structures. \/wp-content\/uploads\/2024\/08\/polipaks-films.mp4 FFS Films These films offer a cost-effective alternative to pre-made bags, suitable for all food markets [&hellip;]<\/p>\n","protected":false},"author":1,"featured_media":0,"parent":9588,"menu_order":0,"comment_status":"closed","ping_status":"closed","template":"elementor_header_footer","meta":{"_acf_changed":false,"inline_featured_image":false,"footnotes":""},"class_list":["post-8579","page","type-page","status-publish","hentry"],"acf":[],"aioseo_notices":[],"_links":{"self":[{"href":"https:\/\/www.polipaks.com\/lv\/wp-json\/wp\/v2\/pages\/8579","targetHints":{"allow":["GET"]}}],"collection":[{"href":"https:\/\/www.polipaks.com\/lv\/wp-json\/wp\/v2\/pages"}],"about":[{"href":"https:\/\/www.polipaks.com\/lv\/wp-json\/wp\/v2\/types\/page"}],"author":[{"embeddable":true,"href":"https:\/\/www.polipaks.com\/lv\/wp-json\/wp\/v2\/users\/1"}],"replies":[{"embeddable":true,"href":"https:\/\/www.polipaks.com\/lv\/wp-json\/wp\/v2\/comments?post=8579"}],"version-history":[{"count":0,"href":"https:\/\/www.polipaks.com\/lv\/wp-json\/wp\/v2\/pages\/8579\/revisions"}],"up":[{"embeddable":true,"href":"https:\/\/www.polipaks.com\/lv\/wp-json\/wp\/v2\/pages\/9588"}],"wp:attachment":[{"href":"https:\/\/www.polipaks.com\/lv\/wp-json\/wp\/v2\/media?parent=8579"}],"curies":[{"name":"wp","href":"https:\/\/api.w.org\/{rel}","templated":true}]}}