{"id":8558,"date":"2024-07-01T06:58:24","date_gmt":"2024-07-01T06:58:24","guid":{"rendered":"https:\/\/polipaks.com\/?page_id=8558"},"modified":"2025-01-17T17:01:37","modified_gmt":"2025-01-17T15:01:37","slug":"zivis-un-juras-veltes","status":"publish","type":"page","link":"https:\/\/www.polipaks.com\/lv\/tirgus-segmenti\/zivis-un-juras-veltes\/","title":{"rendered":"Zivis un j\u016bras veltes"},"content":{"rendered":"<div data-elementor-type=\"wp-page\" data-elementor-id=\"8558\" class=\"elementor elementor-8558\" data-elementor-post-type=\"page\">\n\t\t\t\t<div class=\"elementor-element elementor-element-1fa9165c e-flex e-con-boxed e-con e-parent\" data-id=\"1fa9165c\" data-element_type=\"container\" data-e-type=\"container\">\n\t\t\t\t\t<div class=\"e-con-inner\">\n\t\t<div class=\"elementor-element elementor-element-2c3caf7e e-con-full elementor-hidden-desktop elementor-hidden-laptop e-flex e-con e-child\" data-id=\"2c3caf7e\" data-element_type=\"container\" data-e-type=\"container\">\n\t\t\t\t<div class=\"elementor-element elementor-element-138f5704 elementor-widget elementor-widget-image\" data-id=\"138f5704\" data-element_type=\"widget\" data-e-type=\"widget\" data-widget_type=\"image.default\">\n\t\t\t\t\t\t\t\t\t\t\t\t\t\t\t<img fetchpriority=\"high\" decoding=\"async\" width=\"450\" height=\"300\" src=\"https:\/\/www.polipaks.com\/wp-content\/smush-webp\/2024\/08\/8.FISHSEAFOOD.jpg.webp\" class=\"attachment-full size-full wp-image-9186\" \/>\t\t\t\t\t\t\t\t\t\t\t\t\t\t\t<\/div>\n\t\t\t\t<\/div>\n\t\t<div class=\"elementor-element elementor-element-3e5dcc1 e-con-full e-flex e-con e-child\" data-id=\"3e5dcc1\" data-element_type=\"container\" data-e-type=\"container\">\n\t\t\t\t<div class=\"elementor-element elementor-element-20c5af31 elementor-widget elementor-widget-heading\" data-id=\"20c5af31\" data-element_type=\"widget\" data-e-type=\"widget\" data-widget_type=\"heading.default\">\n\t\t\t\t\t<h2 class=\"elementor-heading-title elementor-size-default\">Zivis un j\u016bras veltes<\/h2>\t\t\t\t<\/div>\n\t\t\t\t<div class=\"elementor-element elementor-element-27642c6d elementor-widget elementor-widget-text-editor\" data-id=\"27642c6d\" data-element_type=\"widget\" data-e-type=\"widget\" data-widget_type=\"text-editor.default\">\n\t\t\t\t\t\t\t\t\t<p><span style=\"font-weight: 400;\">Zivju un j\u016bras vel\u0161u nozar\u0113 nepiecie\u0161ams iepakojums, kas nodro\u0161in\u0101tu produkta pievilc\u012bgu un efekt\u012bvu iepako\u0161anu, koncentr\u0113joties uz produkta svaiguma, tekst\u016bras, gar\u0161as, smar\u017eas un uzglab\u0101\u0161anas laika uztur\u0113\u0161anu. M\u0113s pied\u0101v\u0101jam elast\u012bg\u0101 iepakojuma risin\u0101jumus gan svaigiem, gan sald\u0113tiem j\u016bras produktiem, \u0146emot v\u0113r\u0101 sald\u0113t\u0101s p\u0101rtikas segmenta iev\u0113rojamo izaugsmi visos p\u0101rtikas produktu tirgos p\u0113d\u0113jo gadu laik\u0101.<\/span><\/p><p><span style=\"font-weight: 400;\">M\u016bsu pied\u0101v\u0101jum\u0101 ir \u0161ai produktu kategorijai piel\u0101goti jau gatavi maisi un ru\u013c\u013ci.\u00a0<\/span><\/p>\t\t\t\t\t\t\t\t<\/div>\n\t\t\t\t<\/div>\n\t\t<div class=\"elementor-element elementor-element-07da1a3 e-con-full elementor-hidden-tablet elementor-hidden-mobile e-flex e-con e-child\" data-id=\"07da1a3\" data-element_type=\"container\" data-e-type=\"container\">\n\t\t\t\t<div class=\"elementor-element elementor-element-780070e elementor-widget elementor-widget-image\" data-id=\"780070e\" data-element_type=\"widget\" data-e-type=\"widget\" data-widget_type=\"image.default\">\n\t\t\t\t\t\t\t\t\t\t\t\t\t\t\t<img fetchpriority=\"high\" decoding=\"async\" width=\"450\" height=\"300\" src=\"https:\/\/www.polipaks.com\/wp-content\/smush-webp\/2024\/08\/8.FISHSEAFOOD.jpg.webp\" class=\"attachment-full size-full wp-image-9186\" \/>\t\t\t\t\t\t\t\t\t\t\t\t\t\t\t<\/div>\n\t\t\t\t<\/div>\n\t\t\t\t\t<\/div>\n\t\t\t\t<\/div>\n\t\t<div class=\"elementor-element elementor-element-df5b37a e-flex e-con-boxed e-con e-parent\" data-id=\"df5b37a\" data-element_type=\"container\" data-e-type=\"container\">\n\t\t\t\t\t<div class=\"e-con-inner\">\n\t\t<div class=\"elementor-element elementor-element-a9fd770 e-con-full e-flex e-con e-child\" data-id=\"a9fd770\" data-element_type=\"container\" data-e-type=\"container\">\n\t\t\t\t<div class=\"elementor-element elementor-element-7fa4b53 elementor-position-top elementor-widget elementor-widget-image-box\" data-id=\"7fa4b53\" data-element_type=\"widget\" data-e-type=\"widget\" data-widget_type=\"image-box.default\">\n\t\t\t\t\t<div class=\"elementor-image-box-wrapper\"><figure class=\"elementor-image-box-img\"><a href=\"\/lv\/produkts\/stand-up-pouch\/\" tabindex=\"-1\"><img decoding=\"async\" width=\"2560\" height=\"2560\" src=\"https:\/\/www.polipaks.com\/wp-content\/smush-webp\/2024\/08\/SUP_RC_Green-scaled.jpg.webp\" class=\"attachment-full size-full wp-image-9049\" \/><\/a><\/figure><div class=\"elementor-image-box-content\"><h3 class=\"elementor-image-box-title\"><a href=\"\/lv\/produkts\/stand-up-pouch\/\">St\u0101vpakas<\/a><\/h3><p class=\"elementor-image-box-description\">Piel\u0101gojams iepakojums ar izcilu noform\u0113jumu m\u0101jdz\u012bvnieku bar\u012bbai un da\u017e\u0101d\u0101m p\u0101rtikas nozar\u0113m, tostarp sald\u0113tiem produktiem\n<\/p><\/div><\/div>\t\t\t\t<\/div>\n\t\t\t\t<\/div>\n\t\t<div class=\"elementor-element elementor-element-99d6a89 e-con-full e-flex e-con e-child\" data-id=\"99d6a89\" data-element_type=\"container\" data-e-type=\"container\">\n\t\t\t\t<div class=\"elementor-element elementor-element-0ae469d elementor-position-top elementor-widget elementor-widget-image-box\" data-id=\"0ae469d\" data-element_type=\"widget\" data-e-type=\"widget\" data-widget_type=\"image-box.default\">\n\t\t\t\t\t<div class=\"elementor-image-box-wrapper\"><figure class=\"elementor-image-box-img\"><a href=\"\/lv\/produkts\/vacuum-bag\/\" tabindex=\"-1\"><img decoding=\"async\" width=\"1206\" height=\"1206\" src=\"https:\/\/www.polipaks.com\/wp-content\/smush-webp\/2024\/08\/Vacuum_green.jpg.webp\" class=\"attachment-full size-full wp-image-9084\" \/><\/a><\/figure><div class=\"elementor-image-box-content\"><h3 class=\"elementor-image-box-title\"><a href=\"\/lv\/produkts\/vacuum-bag\/\">Vakuuma maisi<\/a><\/h3><p class=\"elementor-image-box-description\">Iepakojums ar izcilu g\u0101zes un mitruma aizsardz\u012bbu izmanto\u0161anai m\u0101jdz\u012bvnieku bar\u012bbas un da\u017e\u0101d\u0101s p\u0101rtikas nozar\u0113s<\/p><\/div><\/div>\t\t\t\t<\/div>\n\t\t\t\t<\/div>\n\t\t<a class=\"elementor-element elementor-element-ba67c97 e-con-full e-flex e-con e-child\" data-id=\"ba67c97\" data-element_type=\"container\" data-e-type=\"container\" href=\"\/lv\/pleves\/pleves-rullos\/\">\n\t\t\t\t<div class=\"elementor-element elementor-element-328886a elementor-position-top elementor-widget elementor-widget-image-box\" data-id=\"328886a\" data-element_type=\"widget\" data-e-type=\"widget\" data-widget_type=\"image-box.default\">\n\t\t\t\t\t<div class=\"elementor-image-box-wrapper\"><figure class=\"elementor-image-box-img\"><img loading=\"lazy\" decoding=\"async\" width=\"2560\" height=\"2560\" src=\"https:\/\/www.polipaks.com\/wp-content\/smush-webp\/2024\/08\/PP_FILMS_FFS-min-scaled.jpg.webp\" class=\"attachment-full size-full wp-image-9969\" \/><\/figure><div class=\"elementor-image-box-content\"><h3 class=\"elementor-image-box-title\">Pl\u0113ves ru\u013c\u013cos<\/h3><p class=\"elementor-image-box-description\">Nodro\u0161ina vislab\u0101ko produktu kvalit\u0101ti ar izcilu uzglab\u0101\u0161anas, transport\u0113\u0161anas un sk\u0101bek\u013ca barjeru\n<\/p><\/div><\/div>\t\t\t\t<\/div>\n\t\t\t\t<\/a>\n\t\t<div class=\"elementor-element elementor-element-600545d e-con-full e-flex e-con e-child\" data-id=\"600545d\" data-element_type=\"container\" data-e-type=\"container\">\n\t\t\t\t<div class=\"elementor-element elementor-element-4932ce3 elementor-position-top elementor-widget elementor-widget-image-box\" data-id=\"4932ce3\" data-element_type=\"widget\" data-e-type=\"widget\" data-widget_type=\"image-box.default\">\n\t\t\t\t\t<div class=\"elementor-image-box-wrapper\"><figure class=\"elementor-image-box-img\"><a href=\"\/lv\/produkti\/pleves\/virsejas-pleves\/\" tabindex=\"-1\"><img loading=\"lazy\" decoding=\"async\" width=\"2560\" height=\"2560\" src=\"https:\/\/www.polipaks.com\/wp-content\/smush-webp\/2024\/08\/PP_FILMS_LIDDING-min-scaled.jpg.webp\" class=\"attachment-full size-full wp-image-9971\" \/><\/a><\/figure><div class=\"elementor-image-box-content\"><h3 class=\"elementor-image-box-title\"><a href=\"\/lv\/produkti\/pleves\/virsejas-pleves\/\">Virs\u0113j\u0101s pl\u0113ves<\/a><\/h3><p class=\"elementor-image-box-description\">Pl\u0113ves ar pla\u0161u tehnisko \u012bpa\u0161\u012bbu kl\u0101stu da\u017e\u0101diem p\u0101rtikas tirgiem\n<\/p><\/div><\/div>\t\t\t\t<\/div>\n\t\t\t\t<\/div>\n\t\t\t\t\t<\/div>\n\t\t\t\t<\/div>\n\t\t\t\t<\/div>","protected":false},"excerpt":{"rendered":"<p>Fish &amp; Seafood The fish and seafood sector requires packaging that guarantees products are packed in a way that is both attractive and efficient, with a focus on maintaining product freshness, texture, taste, aroma, and shelf-life presence. We offer flexible packaging solutions for fresh and frozen seafood products, considering the significant growth in the frozen [&hellip;]<\/p>\n","protected":false},"author":1,"featured_media":0,"parent":8518,"menu_order":0,"comment_status":"closed","ping_status":"closed","template":"elementor_header_footer","meta":{"_acf_changed":false,"inline_featured_image":false,"footnotes":""},"class_list":["post-8558","page","type-page","status-publish","hentry"],"acf":[],"aioseo_notices":[],"_links":{"self":[{"href":"https:\/\/www.polipaks.com\/lv\/wp-json\/wp\/v2\/pages\/8558","targetHints":{"allow":["GET"]}}],"collection":[{"href":"https:\/\/www.polipaks.com\/lv\/wp-json\/wp\/v2\/pages"}],"about":[{"href":"https:\/\/www.polipaks.com\/lv\/wp-json\/wp\/v2\/types\/page"}],"author":[{"embeddable":true,"href":"https:\/\/www.polipaks.com\/lv\/wp-json\/wp\/v2\/users\/1"}],"replies":[{"embeddable":true,"href":"https:\/\/www.polipaks.com\/lv\/wp-json\/wp\/v2\/comments?post=8558"}],"version-history":[{"count":0,"href":"https:\/\/www.polipaks.com\/lv\/wp-json\/wp\/v2\/pages\/8558\/revisions"}],"up":[{"embeddable":true,"href":"https:\/\/www.polipaks.com\/lv\/wp-json\/wp\/v2\/pages\/8518"}],"wp:attachment":[{"href":"https:\/\/www.polipaks.com\/lv\/wp-json\/wp\/v2\/media?parent=8558"}],"curies":[{"name":"wp","href":"https:\/\/api.w.org\/{rel}","templated":true}]}}