{"id":8557,"date":"2024-07-01T06:58:24","date_gmt":"2024-07-01T06:58:24","guid":{"rendered":"https:\/\/polipaks.com\/?page_id=8557"},"modified":"2025-01-17T17:04:43","modified_gmt":"2025-01-17T15:04:43","slug":"gala-un-majputnu-gala","status":"publish","type":"page","link":"https:\/\/www.polipaks.com\/lv\/tirgus-segmenti\/gala-un-majputnu-gala\/","title":{"rendered":"Ga\u013cas produkti"},"content":{"rendered":"<div data-elementor-type=\"wp-page\" data-elementor-id=\"8557\" class=\"elementor elementor-8557\" data-elementor-post-type=\"page\">\n\t\t\t\t<div class=\"elementor-element elementor-element-6512d938 e-flex e-con-boxed e-con e-parent\" data-id=\"6512d938\" data-element_type=\"container\" data-e-type=\"container\">\n\t\t\t\t\t<div class=\"e-con-inner\">\n\t\t<div class=\"elementor-element elementor-element-55e3f7a9 e-con-full elementor-hidden-desktop elementor-hidden-laptop e-flex e-con e-child\" data-id=\"55e3f7a9\" data-element_type=\"container\" data-e-type=\"container\">\n\t\t\t\t<div class=\"elementor-element elementor-element-2a23f4c6 elementor-widget elementor-widget-image\" data-id=\"2a23f4c6\" data-element_type=\"widget\" data-e-type=\"widget\" data-widget_type=\"image.default\">\n\t\t\t\t\t\t\t\t\t\t\t\t\t\t\t<img fetchpriority=\"high\" decoding=\"async\" width=\"450\" height=\"300\" src=\"https:\/\/www.polipaks.com\/wp-content\/smush-webp\/2024\/08\/7.MEATPOULTRY.jpg.webp\" class=\"attachment-full size-full wp-image-9185\" \/>\t\t\t\t\t\t\t\t\t\t\t\t\t\t\t<\/div>\n\t\t\t\t<\/div>\n\t\t<div class=\"elementor-element elementor-element-51d0b6d e-con-full e-flex e-con e-child\" data-id=\"51d0b6d\" data-element_type=\"container\" data-e-type=\"container\">\n\t\t\t\t<div class=\"elementor-element elementor-element-3598634a elementor-widget elementor-widget-heading\" data-id=\"3598634a\" data-element_type=\"widget\" data-e-type=\"widget\" data-widget_type=\"heading.default\">\n\t\t\t\t\t<h2 class=\"elementor-heading-title elementor-size-default\">Ga\u013cas produkti<\/h2>\t\t\t\t<\/div>\n\t\t\t\t<div class=\"elementor-element elementor-element-6007cdb2 elementor-widget elementor-widget-text-editor\" data-id=\"6007cdb2\" data-element_type=\"widget\" data-e-type=\"widget\" data-widget_type=\"text-editor.default\">\n\t\t\t\t\t\t\t\t\t<p><span style=\"font-weight: 400;\">\u0160aj\u0101 segment\u0101 iepakojumam ir b\u016btiska loma starp ra\u017eot\u0101ju un galapat\u0113r\u0113t\u0101ju, nodro\u0161inot dro\u0161u pieg\u0101di da\u017e\u0101dos apstr\u0101des, uzglab\u0101\u0161anas, transport\u0113\u0161anas un izplat\u012b\u0161anas posmos.<\/span><\/p><p><span style=\"font-weight: 400;\">M\u0113s pied\u0101v\u0101jam elast\u012bg\u0101 iepakojuma risin\u0101jumus ar da\u017e\u0101du barjeru iesp\u0113j\u0101m, kas garant\u0113 vislab\u0101ko dizainu un nodro\u0161ina p\u0101rtikas nekait\u012bgumu attiec\u012bb\u0101 uz ga\u013cu un m\u0101jputnu ga\u013cu, tostarp sald\u0113tu un p\u0101rstr\u0101d\u0101tu ga\u013cu un l\u012bdz\u012bgiem produktiem.\u00a0<\/span><\/p>\t\t\t\t\t\t\t\t<\/div>\n\t\t\t\t<\/div>\n\t\t<div class=\"elementor-element elementor-element-b12e979 e-con-full elementor-hidden-tablet elementor-hidden-mobile e-flex e-con e-child\" data-id=\"b12e979\" data-element_type=\"container\" data-e-type=\"container\">\n\t\t\t\t<div class=\"elementor-element elementor-element-02bc5f7 elementor-widget elementor-widget-image\" data-id=\"02bc5f7\" data-element_type=\"widget\" data-e-type=\"widget\" data-widget_type=\"image.default\">\n\t\t\t\t\t\t\t\t\t\t\t\t\t\t\t<img fetchpriority=\"high\" decoding=\"async\" width=\"450\" height=\"300\" src=\"https:\/\/www.polipaks.com\/wp-content\/smush-webp\/2024\/08\/7.MEATPOULTRY.jpg.webp\" class=\"attachment-full size-full wp-image-9185\" \/>\t\t\t\t\t\t\t\t\t\t\t\t\t\t\t<\/div>\n\t\t\t\t<\/div>\n\t\t\t\t\t<\/div>\n\t\t\t\t<\/div>\n\t\t<div class=\"elementor-element elementor-element-2975c3b e-flex e-con-boxed e-con e-parent\" data-id=\"2975c3b\" data-element_type=\"container\" data-e-type=\"container\">\n\t\t\t\t\t<div class=\"e-con-inner\">\n\t\t<div class=\"elementor-element elementor-element-e11965c e-con-full e-flex e-con e-child\" data-id=\"e11965c\" data-element_type=\"container\" data-e-type=\"container\">\n\t\t\t\t<div class=\"elementor-element elementor-element-7d05523 elementor-position-top elementor-widget elementor-widget-image-box\" data-id=\"7d05523\" data-element_type=\"widget\" data-e-type=\"widget\" data-widget_type=\"image-box.default\">\n\t\t\t\t\t<div class=\"elementor-image-box-wrapper\"><figure class=\"elementor-image-box-img\"><a href=\"\/lv\/produkts\/stand-up-pouch\/\" tabindex=\"-1\"><img decoding=\"async\" width=\"2560\" height=\"2560\" src=\"https:\/\/www.polipaks.com\/wp-content\/smush-webp\/2024\/08\/SUP_RC_Green-scaled.jpg.webp\" class=\"attachment-full size-full wp-image-9049\" \/><\/a><\/figure><div class=\"elementor-image-box-content\"><h3 class=\"elementor-image-box-title\"><a href=\"\/lv\/produkts\/stand-up-pouch\/\">St\u0101vpakas<\/a><\/h3><p class=\"elementor-image-box-description\">Piel\u0101gojams iepakojums ar izcilu noform\u0113jumu m\u0101jdz\u012bvnieku bar\u012bbai un da\u017e\u0101d\u0101m p\u0101rtikas nozar\u0113m, tostarp sald\u0113tiem produktiem\n<\/p><\/div><\/div>\t\t\t\t<\/div>\n\t\t\t\t<\/div>\n\t\t<div class=\"elementor-element elementor-element-850a3db e-con-full e-flex e-con e-child\" data-id=\"850a3db\" data-element_type=\"container\" data-e-type=\"container\">\n\t\t\t\t<div class=\"elementor-element elementor-element-63290ca elementor-position-top elementor-widget elementor-widget-image-box\" data-id=\"63290ca\" data-element_type=\"widget\" data-e-type=\"widget\" data-widget_type=\"image-box.default\">\n\t\t\t\t\t<div class=\"elementor-image-box-wrapper\"><figure class=\"elementor-image-box-img\"><a href=\"\/lv\/produkts\/vacuum-bag\/\" tabindex=\"-1\"><img decoding=\"async\" width=\"1206\" height=\"1206\" src=\"https:\/\/www.polipaks.com\/wp-content\/smush-webp\/2024\/08\/Vacuum_green.jpg.webp\" class=\"attachment-full size-full wp-image-9084\" \/><\/a><\/figure><div class=\"elementor-image-box-content\"><h3 class=\"elementor-image-box-title\"><a href=\"\/lv\/produkts\/vacuum-bag\/\">Vakuuma maisi<\/a><\/h3><p class=\"elementor-image-box-description\">Iepakojums ar izcilu g\u0101zes un mitruma aizsardz\u012bbu izmanto\u0161anai m\u0101jdz\u012bvnieku bar\u012bbas un da\u017e\u0101d\u0101s p\u0101rtikas nozar\u0113s\n<\/p><\/div><\/div>\t\t\t\t<\/div>\n\t\t\t\t<\/div>\n\t\t<a class=\"elementor-element elementor-element-d0a209c e-con-full e-flex e-con e-child\" data-id=\"d0a209c\" data-element_type=\"container\" data-e-type=\"container\" href=\"\/lv\/pleves\/pleves-rullos\/\">\n\t\t\t\t<div class=\"elementor-element elementor-element-8fe686e elementor-position-top elementor-widget elementor-widget-image-box\" data-id=\"8fe686e\" data-element_type=\"widget\" data-e-type=\"widget\" data-widget_type=\"image-box.default\">\n\t\t\t\t\t<div class=\"elementor-image-box-wrapper\"><figure class=\"elementor-image-box-img\"><img loading=\"lazy\" decoding=\"async\" width=\"2560\" height=\"2560\" src=\"https:\/\/www.polipaks.com\/wp-content\/smush-webp\/2024\/08\/PP_FILMS_FFS-min-scaled.jpg.webp\" class=\"attachment-full size-full wp-image-9969\" \/><\/figure><div class=\"elementor-image-box-content\"><h3 class=\"elementor-image-box-title\">Pl\u0113ves ru\u013c\u013cos<\/h3><p class=\"elementor-image-box-description\">\u0160\u012bs pl\u0113ves ir rentabla alternat\u012bva jau gataviem maisiem, piem\u0113rota visiem p\u0101rtikas tirgiem un m\u0101jdz\u012bvnieku bar\u012bbai<\/p><\/div><\/div>\t\t\t\t<\/div>\n\t\t\t\t<\/a>\n\t\t<div class=\"elementor-element elementor-element-a9f5766 e-con-full e-flex e-con e-child\" data-id=\"a9f5766\" data-element_type=\"container\" data-e-type=\"container\">\n\t\t\t\t<div class=\"elementor-element elementor-element-69517f7 elementor-position-top elementor-widget elementor-widget-image-box\" data-id=\"69517f7\" data-element_type=\"widget\" data-e-type=\"widget\" data-widget_type=\"image-box.default\">\n\t\t\t\t\t<div class=\"elementor-image-box-wrapper\"><figure class=\"elementor-image-box-img\"><a href=\"\/lv\/produkti\/pleves\/virsejas-pleves\/\" tabindex=\"-1\"><img loading=\"lazy\" decoding=\"async\" width=\"2560\" height=\"2560\" src=\"https:\/\/www.polipaks.com\/wp-content\/smush-webp\/2024\/08\/PP_FILMS_LIDDING-min-scaled.jpg.webp\" class=\"attachment-full size-full wp-image-9971\" \/><\/a><\/figure><div class=\"elementor-image-box-content\"><h3 class=\"elementor-image-box-title\"><a href=\"\/lv\/produkti\/pleves\/virsejas-pleves\/\">Virs\u0113j\u0101s pl\u0113ves<\/a><\/h3><p class=\"elementor-image-box-description\">Pl\u0113ves ar pla\u0161u tehnisko \u012bpa\u0161\u012bbu kl\u0101stu da\u017e\u0101diem p\u0101rtikas tirgiem\n<\/p><\/div><\/div>\t\t\t\t<\/div>\n\t\t\t\t<\/div>\n\t\t\t\t\t<\/div>\n\t\t\t\t<\/div>\n\t\t\t\t<\/div>","protected":false},"excerpt":{"rendered":"<p>Meat &amp; Poultry Packaging plays a crucial role in this segment between the producer and the final consumer, ensuring safe delivery through various stages of processing, storage, transportation, and distribution. We offer flexible packaging solutions with different barrier options, ensuring the best design performance and food safety for meat and poultry, including frozen and processed [&hellip;]<\/p>\n","protected":false},"author":1,"featured_media":0,"parent":8518,"menu_order":0,"comment_status":"closed","ping_status":"closed","template":"elementor_header_footer","meta":{"_acf_changed":false,"inline_featured_image":false,"footnotes":""},"class_list":["post-8557","page","type-page","status-publish","hentry"],"acf":[],"aioseo_notices":[],"_links":{"self":[{"href":"https:\/\/www.polipaks.com\/lv\/wp-json\/wp\/v2\/pages\/8557","targetHints":{"allow":["GET"]}}],"collection":[{"href":"https:\/\/www.polipaks.com\/lv\/wp-json\/wp\/v2\/pages"}],"about":[{"href":"https:\/\/www.polipaks.com\/lv\/wp-json\/wp\/v2\/types\/page"}],"author":[{"embeddable":true,"href":"https:\/\/www.polipaks.com\/lv\/wp-json\/wp\/v2\/users\/1"}],"replies":[{"embeddable":true,"href":"https:\/\/www.polipaks.com\/lv\/wp-json\/wp\/v2\/comments?post=8557"}],"version-history":[{"count":0,"href":"https:\/\/www.polipaks.com\/lv\/wp-json\/wp\/v2\/pages\/8557\/revisions"}],"up":[{"embeddable":true,"href":"https:\/\/www.polipaks.com\/lv\/wp-json\/wp\/v2\/pages\/8518"}],"wp:attachment":[{"href":"https:\/\/www.polipaks.com\/lv\/wp-json\/wp\/v2\/media?parent=8557"}],"curies":[{"name":"wp","href":"https:\/\/api.w.org\/{rel}","templated":true}]}}