{"id":8556,"date":"2024-07-01T06:58:24","date_gmt":"2024-07-01T06:58:24","guid":{"rendered":"https:\/\/polipaks.com\/?page_id=8556"},"modified":"2025-01-17T17:03:16","modified_gmt":"2025-01-17T15:03:16","slug":"augli-darzeni","status":"publish","type":"page","link":"https:\/\/www.polipaks.com\/lv\/tirgus-segmenti\/augli-darzeni\/","title":{"rendered":"Aug\u013ci un d\u0101rze\u0146i"},"content":{"rendered":"<div data-elementor-type=\"wp-page\" data-elementor-id=\"8556\" class=\"elementor elementor-8556\" data-elementor-post-type=\"page\">\n\t\t\t\t<div class=\"elementor-element elementor-element-42ebfa02 e-flex e-con-boxed e-con e-parent\" data-id=\"42ebfa02\" data-element_type=\"container\" data-e-type=\"container\">\n\t\t\t\t\t<div class=\"e-con-inner\">\n\t\t<div class=\"elementor-element elementor-element-3a6a9829 e-con-full elementor-hidden-desktop elementor-hidden-laptop e-flex e-con e-child\" data-id=\"3a6a9829\" data-element_type=\"container\" data-e-type=\"container\">\n\t\t\t\t<div class=\"elementor-element elementor-element-2e54c48f elementor-widget elementor-widget-image\" data-id=\"2e54c48f\" data-element_type=\"widget\" data-e-type=\"widget\" data-widget_type=\"image.default\">\n\t\t\t\t\t\t\t\t\t\t\t\t\t\t\t<img fetchpriority=\"high\" decoding=\"async\" width=\"450\" height=\"300\" src=\"https:\/\/www.polipaks.com\/wp-content\/smush-webp\/2024\/08\/6.FRUITSVEGETABLES.jpg.webp\" class=\"attachment-full size-full wp-image-9184\" \/>\t\t\t\t\t\t\t\t\t\t\t\t\t\t\t<\/div>\n\t\t\t\t<\/div>\n\t\t<div class=\"elementor-element elementor-element-56dc4aee e-con-full e-flex e-con e-child\" data-id=\"56dc4aee\" data-element_type=\"container\" data-e-type=\"container\">\n\t\t\t\t<div class=\"elementor-element elementor-element-644f7da1 elementor-widget elementor-widget-heading\" data-id=\"644f7da1\" data-element_type=\"widget\" data-e-type=\"widget\" data-widget_type=\"heading.default\">\n\t\t\t\t\t<h2 class=\"elementor-heading-title elementor-size-default\">Aug\u013ci un d\u0101rze\u0146i<\/h2>\t\t\t\t<\/div>\n\t\t\t\t<div class=\"elementor-element elementor-element-521673dc elementor-widget elementor-widget-text-editor\" data-id=\"521673dc\" data-element_type=\"widget\" data-e-type=\"widget\" data-widget_type=\"text-editor.default\">\n\t\t\t\t\t\t\t\t\t<p><span style=\"font-weight: 400;\">Svaigi produkti, piem\u0113ram, aug\u013ci un d\u0101rze\u0146i, \u013coti \u0101tri boj\u0101jas, un p\u0101rvad\u0101\u0161anas laik\u0101 tiem ir j\u0101iztur t\u0101di skarbi apst\u0101k\u013ci k\u0101, piem\u0113ram, ce\u013co\u0161ana lielos att\u0101lumos, temperat\u016bras sv\u0101rst\u012bbas, aukstuma \u0137\u0113des pras\u012bbas un mitruma kontrole. M\u016bsu pied\u0101v\u0101jum\u0101 ir stabili, viegli un iztur\u012bgi materi\u0101li, kas izstr\u0101d\u0101ti, lai nodro\u0161in\u0101tu vislab\u0101ko aizsardz\u012bbu, ekolo\u0123isk\u0101s \u012bpa\u0161\u012bbas un izteiksm\u012bgu z\u012bmolu veido\u0161anu.<\/span><\/p><p><span style=\"font-weight: 400;\">Uzticamam iepakojumam ir iz\u0161\u0137iro\u0161a noz\u012bme p\u0101rtikas produktu svaiguma un nekait\u012bguma saglab\u0101\u0161an\u0101, l\u012bdz ar to samazinot p\u0101rtikas atkritumu daudzumu, kas ir \u013coti svar\u012bgs aspekts m\u016bsdienu p\u0101rtikas pieg\u0101des \u0137\u0113d\u0113s.<\/span><\/p><p><span style=\"font-weight: 400;\">M\u0113s pied\u0101v\u0101jam piel\u0101gotus iepakojuma risin\u0101jumus svaigiem, sald\u0113tiem un \u017e\u0101v\u0113tiem aug\u013ciem un d\u0101rze\u0146iem, kas nodro\u0161ina j\u016bsu produktu kvalit\u0101ti un integrit\u0101ti no zemnieku saimniec\u012bbas l\u012bdz pat\u0113r\u0113t\u0101jam.<\/span><\/p>\t\t\t\t\t\t\t\t<\/div>\n\t\t\t\t<\/div>\n\t\t<div class=\"elementor-element elementor-element-ff74ec4 e-con-full elementor-hidden-tablet elementor-hidden-mobile e-flex e-con e-child\" data-id=\"ff74ec4\" data-element_type=\"container\" data-e-type=\"container\">\n\t\t\t\t<div class=\"elementor-element elementor-element-a875838 elementor-widget elementor-widget-image\" data-id=\"a875838\" data-element_type=\"widget\" data-e-type=\"widget\" data-widget_type=\"image.default\">\n\t\t\t\t\t\t\t\t\t\t\t\t\t\t\t<img fetchpriority=\"high\" decoding=\"async\" width=\"450\" height=\"300\" src=\"https:\/\/www.polipaks.com\/wp-content\/smush-webp\/2024\/08\/6.FRUITSVEGETABLES.jpg.webp\" class=\"attachment-full size-full wp-image-9184\" \/>\t\t\t\t\t\t\t\t\t\t\t\t\t\t\t<\/div>\n\t\t\t\t<\/div>\n\t\t\t\t\t<\/div>\n\t\t\t\t<\/div>\n\t\t<div class=\"elementor-element elementor-element-241be95 e-flex e-con-boxed e-con e-parent\" data-id=\"241be95\" data-element_type=\"container\" data-e-type=\"container\">\n\t\t\t\t\t<div class=\"e-con-inner\">\n\t\t<a class=\"elementor-element elementor-element-1919b27 e-con-full e-flex e-con e-child\" data-id=\"1919b27\" data-element_type=\"container\" data-e-type=\"container\" href=\"\/lv\/produkts\/stavpakas\/\">\n\t\t\t\t<div class=\"elementor-element elementor-element-618349a elementor-position-top elementor-widget elementor-widget-image-box\" data-id=\"618349a\" data-element_type=\"widget\" data-e-type=\"widget\" data-widget_type=\"image-box.default\">\n\t\t\t\t\t<div class=\"elementor-image-box-wrapper\"><figure class=\"elementor-image-box-img\"><img decoding=\"async\" width=\"2560\" height=\"2560\" src=\"https:\/\/www.polipaks.com\/wp-content\/smush-webp\/2024\/08\/SUP_RC_Green-scaled.jpg.webp\" class=\"attachment-full size-full wp-image-9049\" \/><\/figure><div class=\"elementor-image-box-content\"><h3 class=\"elementor-image-box-title\">St\u0101vpakas<\/h3><p class=\"elementor-image-box-description\"> Piel\u0101gojams iepakojums ar izcilu noform\u0113jumu m\u0101jdz\u012bvnieku bar\u012bbai un da\u017e\u0101d\u0101m p\u0101rtikas nozar\u0113m, tostarp sald\u0113tiem produktiem\n<\/p><\/div><\/div>\t\t\t\t<\/div>\n\t\t\t\t<\/a>\n\t\t<div class=\"elementor-element elementor-element-6d21d756 e-con-full e-flex e-con e-child\" data-id=\"6d21d756\" data-element_type=\"container\" data-e-type=\"container\">\n\t\t\t\t<div class=\"elementor-element elementor-element-1f31b4b2 elementor-position-top elementor-widget elementor-widget-image-box\" data-id=\"1f31b4b2\" data-element_type=\"widget\" data-e-type=\"widget\" data-widget_type=\"image-box.default\">\n\t\t\t\t\t<div class=\"elementor-image-box-wrapper\"><figure class=\"elementor-image-box-img\"><a href=\"\/lv\/produkts\/side-seal-bag\/\" tabindex=\"-1\"><img decoding=\"async\" width=\"1118\" height=\"1118\" src=\"https:\/\/www.polipaks.com\/wp-content\/smush-webp\/2024\/08\/SIDE-SEAL-BAG-WITH-TOP-LOADING.jpg.webp\" class=\"attachment-full size-full wp-image-9085\" \/><\/a><\/figure><div class=\"elementor-image-box-content\"><h3 class=\"elementor-image-box-title\"><a href=\"\/lv\/produkts\/side-seal-bag\/\">Maisi ar s\u0101nu \u0161uv\u0113m<\/a><\/h3><p class=\"elementor-image-box-description\">Daudzpus\u012bgs iepakojums, kas paredz\u0113ts aug\u013ciem, d\u0101rze\u0146iem un sald\u0113tiem produktiem\n<\/p><\/div><\/div>\t\t\t\t<\/div>\n\t\t\t\t<\/div>\n\t\t<div class=\"elementor-element elementor-element-1d2ae16 e-con-full e-flex e-con e-child\" data-id=\"1d2ae16\" data-element_type=\"container\" data-e-type=\"container\">\n\t\t\t\t<div class=\"elementor-element elementor-element-ce0b2fb elementor-position-top elementor-widget elementor-widget-image-box\" data-id=\"ce0b2fb\" data-element_type=\"widget\" data-e-type=\"widget\" data-widget_type=\"image-box.default\">\n\t\t\t\t\t<div class=\"elementor-image-box-wrapper\"><figure class=\"elementor-image-box-img\"><a href=\"\/lv\/produkts\/wicket-bag\/\" tabindex=\"-1\"><img loading=\"lazy\" decoding=\"async\" width=\"2560\" height=\"2560\" src=\"https:\/\/www.polipaks.com\/wp-content\/smush-webp\/2024\/08\/Wicket-bag_Green-min-scaled.jpg.webp\" class=\"attachment-full size-full wp-image-9845\" \/><\/a><\/figure><div class=\"elementor-image-box-content\"><h3 class=\"elementor-image-box-title\"><a href=\"\/lv\/produkts\/wicket-bag\/\">Maizes maisi<\/a><\/h3><p class=\"elementor-image-box-description\">Optim\u0101ls iepakojums maizes tirgum un da\u017e\u0101d\u0101m p\u0101rtikas r\u016bpniec\u012bbas nozar\u0113m, tostarp sald\u0113tiem produktiem\n<\/p><\/div><\/div>\t\t\t\t<\/div>\n\t\t\t\t<\/div>\n\t\t<div class=\"elementor-element elementor-element-2998d63 e-con-full e-flex e-con e-child\" data-id=\"2998d63\" data-element_type=\"container\" data-e-type=\"container\">\n\t\t\t\t<div class=\"elementor-element elementor-element-ea8f6a0 elementor-position-top elementor-widget elementor-widget-image-box\" data-id=\"ea8f6a0\" data-element_type=\"widget\" data-e-type=\"widget\" data-widget_type=\"image-box.default\">\n\t\t\t\t\t<div class=\"elementor-image-box-wrapper\"><figure class=\"elementor-image-box-img\"><a href=\"\/lv\/pleves\/pleves-rullos\/\" tabindex=\"-1\"><img loading=\"lazy\" decoding=\"async\" width=\"2560\" height=\"2560\" src=\"https:\/\/www.polipaks.com\/wp-content\/smush-webp\/2024\/08\/PP_FILMS_FFS-min-scaled.jpg.webp\" class=\"attachment-full size-full wp-image-9969\" \/><\/a><\/figure><div class=\"elementor-image-box-content\"><h3 class=\"elementor-image-box-title\"><a href=\"\/lv\/pleves\/pleves-rullos\/\">Pl\u0113ves ru\u013c\u013cos<\/a><\/h3><p class=\"elementor-image-box-description\">\u0160\u012bs pl\u0113ves ir rentabla alternat\u012bva jau gataviem maisiem, piem\u0113rota visiem p\u0101rtikas tirgiem un m\u0101jdz\u012bvnieku bar\u012bbai\n<\/p><\/div><\/div>\t\t\t\t<\/div>\n\t\t\t\t<\/div>\n\t\t\t\t\t<\/div>\n\t\t\t\t<\/div>\n\t\t<div class=\"elementor-element elementor-element-71d83aba e-flex e-con-boxed e-con e-parent\" data-id=\"71d83aba\" data-element_type=\"container\" data-e-type=\"container\">\n\t\t\t\t\t<div class=\"e-con-inner\">\n\t\t<div class=\"elementor-element elementor-element-f1269d0 e-con-full e-flex e-con e-child\" data-id=\"f1269d0\" data-element_type=\"container\" data-e-type=\"container\">\n\t\t\t\t<div class=\"elementor-element elementor-element-f01917b elementor-position-top elementor-widget elementor-widget-image-box\" data-id=\"f01917b\" data-element_type=\"widget\" data-e-type=\"widget\" data-widget_type=\"image-box.default\">\n\t\t\t\t\t<div class=\"elementor-image-box-wrapper\"><figure class=\"elementor-image-box-img\"><a href=\"\/lv\/pleves\/virsejas-pleves\/\" tabindex=\"-1\"><img loading=\"lazy\" decoding=\"async\" width=\"2560\" height=\"2560\" src=\"https:\/\/www.polipaks.com\/wp-content\/smush-webp\/2024\/08\/PP_FILMS_LIDDING-min-scaled.jpg.webp\" class=\"attachment-full size-full wp-image-9971\" \/><\/a><\/figure><div class=\"elementor-image-box-content\"><h3 class=\"elementor-image-box-title\"><a href=\"\/lv\/pleves\/virsejas-pleves\/\">Virs\u0113j\u0101s pl\u0113ves<\/a><\/h3><p class=\"elementor-image-box-description\">Pl\u0113ves ar pla\u0161u tehnisko \u012bpa\u0161\u012bbu kl\u0101stu da\u017e\u0101diem p\u0101rtikas tirgiem\n<\/p><\/div><\/div>\t\t\t\t<\/div>\n\t\t\t\t<\/div>\n\t\t<div class=\"elementor-element elementor-element-727f4146 e-con-full e-flex e-con e-child\" data-id=\"727f4146\" data-element_type=\"container\" data-e-type=\"container\">\n\t\t\t\t<\/div>\n\t\t<div class=\"elementor-element elementor-element-203e8773 e-con-full e-flex e-con e-child\" data-id=\"203e8773\" data-element_type=\"container\" data-e-type=\"container\">\n\t\t\t\t<\/div>\n\t\t<div class=\"elementor-element elementor-element-23b7531c e-con-full e-flex e-con e-child\" data-id=\"23b7531c\" data-element_type=\"container\" data-e-type=\"container\">\n\t\t\t\t<\/div>\n\t\t\t\t\t<\/div>\n\t\t\t\t<\/div>\n\t\t\t\t<\/div>","protected":false},"excerpt":{"rendered":"<p>Fruits &amp; Vegetables Fresh products, such as fruits and vegetables, are highly perishable and must endure rigorous conditions like long-distance travel, temperature variations, cold chain requirements, and moisture control during transit. Our portfolio includes robust, lightweight, and durable materials, designed to deliver superior protection, environmental performance, and impactful branding. Reliable packaging is pivotal in maintaining [&hellip;]<\/p>\n","protected":false},"author":1,"featured_media":0,"parent":8518,"menu_order":0,"comment_status":"closed","ping_status":"closed","template":"elementor_header_footer","meta":{"_acf_changed":false,"inline_featured_image":false,"footnotes":""},"class_list":["post-8556","page","type-page","status-publish","hentry"],"acf":[],"aioseo_notices":[],"_links":{"self":[{"href":"https:\/\/www.polipaks.com\/lv\/wp-json\/wp\/v2\/pages\/8556","targetHints":{"allow":["GET"]}}],"collection":[{"href":"https:\/\/www.polipaks.com\/lv\/wp-json\/wp\/v2\/pages"}],"about":[{"href":"https:\/\/www.polipaks.com\/lv\/wp-json\/wp\/v2\/types\/page"}],"author":[{"embeddable":true,"href":"https:\/\/www.polipaks.com\/lv\/wp-json\/wp\/v2\/users\/1"}],"replies":[{"embeddable":true,"href":"https:\/\/www.polipaks.com\/lv\/wp-json\/wp\/v2\/comments?post=8556"}],"version-history":[{"count":0,"href":"https:\/\/www.polipaks.com\/lv\/wp-json\/wp\/v2\/pages\/8556\/revisions"}],"up":[{"embeddable":true,"href":"https:\/\/www.polipaks.com\/lv\/wp-json\/wp\/v2\/pages\/8518"}],"wp:attachment":[{"href":"https:\/\/www.polipaks.com\/lv\/wp-json\/wp\/v2\/media?parent=8556"}],"curies":[{"name":"wp","href":"https:\/\/api.w.org\/{rel}","templated":true}]}}