{"id":8554,"date":"2024-07-01T06:58:24","date_gmt":"2024-07-01T06:58:24","guid":{"rendered":"https:\/\/polipaks.com\/?page_id=8554"},"modified":"2025-01-17T17:00:10","modified_gmt":"2025-01-17T15:00:10","slug":"kafija","status":"publish","type":"page","link":"https:\/\/www.polipaks.com\/lv\/tirgus-segmenti\/kafija\/","title":{"rendered":"Kafija"},"content":{"rendered":"<div data-elementor-type=\"wp-page\" data-elementor-id=\"8554\" class=\"elementor elementor-8554\" data-elementor-post-type=\"page\">\n\t\t\t\t<div class=\"elementor-element elementor-element-75dec107 e-flex e-con-boxed e-con e-parent\" data-id=\"75dec107\" data-element_type=\"container\">\n\t\t\t\t\t<div class=\"e-con-inner\">\n\t\t<div class=\"elementor-element elementor-element-432fd145 e-con-full elementor-hidden-desktop elementor-hidden-laptop e-flex e-con e-child\" data-id=\"432fd145\" data-element_type=\"container\">\n\t\t\t\t<div class=\"elementor-element elementor-element-1abf7b05 elementor-widget elementor-widget-image\" data-id=\"1abf7b05\" data-element_type=\"widget\" data-widget_type=\"image.default\">\n\t\t\t\t\t\t\t\t\t\t\t\t\t\t\t<img fetchpriority=\"high\" decoding=\"async\" width=\"450\" height=\"300\" src=\"https:\/\/www.polipaks.com\/wp-content\/smush-webp\/2024\/08\/4.COFFEE.jpg.webp\" class=\"attachment-full size-full wp-image-9182\" \/>\t\t\t\t\t\t\t\t\t\t\t\t\t\t\t<\/div>\n\t\t\t\t<\/div>\n\t\t<div class=\"elementor-element elementor-element-765b8fe8 e-con-full e-flex e-con e-child\" data-id=\"765b8fe8\" data-element_type=\"container\">\n\t\t\t\t<div class=\"elementor-element elementor-element-1a8c8144 elementor-widget elementor-widget-heading\" data-id=\"1a8c8144\" data-element_type=\"widget\" data-widget_type=\"heading.default\">\n\t\t\t\t\t<h2 class=\"elementor-heading-title elementor-size-default\">Kafija<\/h2>\t\t\t\t<\/div>\n\t\t\t\t<div class=\"elementor-element elementor-element-69ce3531 elementor-widget elementor-widget-text-editor\" data-id=\"69ce3531\" data-element_type=\"widget\" data-widget_type=\"text-editor.default\">\n\t\t\t\t\t\t\t\t\t<p><span style=\"font-weight: 400;\">Kafijai ir \u013coti augstas pras\u012bbas, un t\u0101s iepakojumam ir iz\u0161\u0137iro\u0161a noz\u012bme, lai nov\u0113rstu produkta oksid\u0113\u0161anos un izvair\u012btos no mitruma vai gaismas iek\u013c\u016b\u0161anas iepakojum\u0101, vienlaikus saglab\u0101jot produkta bag\u0101t\u012bgo gar\u0161u un arom\u0101tu.<\/span><\/p><p><span style=\"font-weight: 400;\">M\u016bsu pl\u0113ves ru\u013c\u013cos ir piem\u0113rots risin\u0101jums gan maltai kafijai, gan kafijas pupi\u0146\u0101m. Kop\u0161 2020. gada m\u0113s pied\u0101v\u0101jam tikai bezalum\u012bnija strukt\u016bras ar da\u017e\u0101diem p\u0101rstr\u0101d\u0101jam\u012bbas l\u012bme\u0146iem.\u00a0\u00a0<\/span><\/p>\t\t\t\t\t\t\t\t<\/div>\n\t\t\t\t<\/div>\n\t\t<div class=\"elementor-element elementor-element-4c698cd e-con-full elementor-hidden-tablet elementor-hidden-mobile e-flex e-con e-child\" data-id=\"4c698cd\" data-element_type=\"container\">\n\t\t\t\t<div class=\"elementor-element elementor-element-4e5ce1a elementor-widget elementor-widget-image\" data-id=\"4e5ce1a\" data-element_type=\"widget\" data-widget_type=\"image.default\">\n\t\t\t\t\t\t\t\t\t\t\t\t\t\t\t<img fetchpriority=\"high\" decoding=\"async\" width=\"450\" height=\"300\" src=\"https:\/\/www.polipaks.com\/wp-content\/smush-webp\/2024\/08\/4.COFFEE.jpg.webp\" class=\"attachment-full size-full wp-image-9182\" \/>\t\t\t\t\t\t\t\t\t\t\t\t\t\t\t<\/div>\n\t\t\t\t<\/div>\n\t\t\t\t\t<\/div>\n\t\t\t\t<\/div>\n\t\t<div class=\"elementor-element elementor-element-0e18b95 e-flex e-con-boxed e-con e-parent\" data-id=\"0e18b95\" data-element_type=\"container\">\n\t\t\t\t\t<div class=\"e-con-inner\">\n\t\t<div class=\"elementor-element elementor-element-e18f622 e-con-full e-flex e-con e-child\" data-id=\"e18f622\" data-element_type=\"container\">\n\t\t\t\t<div class=\"elementor-element elementor-element-c6c0405 elementor-position-top elementor-widget elementor-widget-image-box\" data-id=\"c6c0405\" data-element_type=\"widget\" data-widget_type=\"image-box.default\">\n\t\t\t\t\t<div class=\"elementor-image-box-wrapper\"><figure class=\"elementor-image-box-img\"><a href=\"\/lv\/pleves\/pleves-rullos\/\" tabindex=\"-1\"><img decoding=\"async\" width=\"2560\" height=\"2560\" src=\"https:\/\/www.polipaks.com\/wp-content\/smush-webp\/2024\/08\/ENG_FILMS_FFS-min-scaled.jpg.webp\" class=\"attachment-full size-full wp-image-13740\" \/><\/a><\/figure><div class=\"elementor-image-box-content\"><h3 class=\"elementor-image-box-title\"><a href=\"\/lv\/pleves\/pleves-rullos\/\">Pl\u0113ves ru\u013c\u013cos<\/a><\/h3><p class=\"elementor-image-box-description\">\u0160\u012bs pl\u0113ves ir rentabla alternat\u012bva jau gataviem maisiem, piem\u0113rota visiem p\u0101rtikas tirgiem un m\u0101jdz\u012bvnieku bar\u012bbai\n<\/p><\/div><\/div>\t\t\t\t<\/div>\n\t\t\t\t<\/div>\n\t\t<a class=\"elementor-element elementor-element-52be44e e-con-full e-flex e-con e-child\" data-id=\"52be44e\" data-element_type=\"container\" href=\"\/lv\/produkts\/maisi-ar-plakanu-pamatni\/\">\n\t\t\t\t<\/a>\n\t\t<div class=\"elementor-element elementor-element-f8ee991 e-con-full e-flex e-con e-child\" data-id=\"f8ee991\" data-element_type=\"container\">\n\t\t\t\t<\/div>\n\t\t<div class=\"elementor-element elementor-element-17f5490 e-con-full e-flex e-con e-child\" data-id=\"17f5490\" data-element_type=\"container\">\n\t\t\t\t<\/div>\n\t\t\t\t\t<\/div>\n\t\t\t\t<\/div>\n\t\t\t\t<\/div>","protected":false},"excerpt":{"rendered":"<p>Coffee Coffee is a very demanding product, and packaging plays a crucial role in preventing product oxidation and avoiding moisture or light entering the bag, while preserving the product&#8217;s rich taste and aroma. Our FFS films are the right solution for ground coffee and coffee beans. Since 2020 we have been offering only aluminum free [&hellip;]<\/p>\n","protected":false},"author":1,"featured_media":0,"parent":8518,"menu_order":0,"comment_status":"closed","ping_status":"closed","template":"elementor_header_footer","meta":{"_acf_changed":false,"inline_featured_image":false,"footnotes":""},"class_list":["post-8554","page","type-page","status-publish","hentry"],"acf":[],"aioseo_notices":[],"_links":{"self":[{"href":"https:\/\/www.polipaks.com\/lv\/wp-json\/wp\/v2\/pages\/8554","targetHints":{"allow":["GET"]}}],"collection":[{"href":"https:\/\/www.polipaks.com\/lv\/wp-json\/wp\/v2\/pages"}],"about":[{"href":"https:\/\/www.polipaks.com\/lv\/wp-json\/wp\/v2\/types\/page"}],"author":[{"embeddable":true,"href":"https:\/\/www.polipaks.com\/lv\/wp-json\/wp\/v2\/users\/1"}],"replies":[{"embeddable":true,"href":"https:\/\/www.polipaks.com\/lv\/wp-json\/wp\/v2\/comments?post=8554"}],"version-history":[{"count":0,"href":"https:\/\/www.polipaks.com\/lv\/wp-json\/wp\/v2\/pages\/8554\/revisions"}],"up":[{"embeddable":true,"href":"https:\/\/www.polipaks.com\/lv\/wp-json\/wp\/v2\/pages\/8518"}],"wp:attachment":[{"href":"https:\/\/www.polipaks.com\/lv\/wp-json\/wp\/v2\/media?parent=8554"}],"curies":[{"name":"wp","href":"https:\/\/api.w.org\/{rel}","templated":true}]}}