{"id":8552,"date":"2024-07-01T06:58:24","date_gmt":"2024-07-01T06:58:24","guid":{"rendered":"https:\/\/polipaks.com\/?page_id=8552"},"modified":"2025-01-17T16:58:23","modified_gmt":"2025-01-17T14:58:23","slug":"maizes-izstradajumi","status":"publish","type":"page","link":"https:\/\/www.polipaks.com\/lv\/tirgus-segmenti\/maizes-izstradajumi\/","title":{"rendered":"Maizes produkti"},"content":{"rendered":"<div data-elementor-type=\"wp-page\" data-elementor-id=\"8552\" class=\"elementor elementor-8552\" data-elementor-post-type=\"page\">\n\t\t\t\t<div class=\"elementor-element elementor-element-6b486a3 e-flex e-con-boxed e-con e-parent\" data-id=\"6b486a3\" data-element_type=\"container\">\n\t\t\t\t\t<div class=\"e-con-inner\">\n\t\t<div class=\"elementor-element elementor-element-6b9f5c3 e-con-full elementor-hidden-desktop elementor-hidden-laptop e-flex e-con e-child\" data-id=\"6b9f5c3\" data-element_type=\"container\">\n\t\t\t\t<div class=\"elementor-element elementor-element-8d198e1 elementor-widget elementor-widget-image\" data-id=\"8d198e1\" data-element_type=\"widget\" data-widget_type=\"image.default\">\n\t\t\t\t\t\t\t\t\t\t\t\t\t\t\t<img fetchpriority=\"high\" decoding=\"async\" width=\"450\" height=\"300\" src=\"https:\/\/www.polipaks.com\/wp-content\/smush-webp\/2024\/08\/2.BAKERY.jpg.webp\" class=\"attachment-full size-full wp-image-9180\" \/>\t\t\t\t\t\t\t\t\t\t\t\t\t\t\t<\/div>\n\t\t\t\t<\/div>\n\t\t<div class=\"elementor-element elementor-element-86b9956 e-con-full e-flex e-con e-child\" data-id=\"86b9956\" data-element_type=\"container\">\n\t\t\t\t<div class=\"elementor-element elementor-element-9c0572e elementor-widget elementor-widget-heading\" data-id=\"9c0572e\" data-element_type=\"widget\" data-widget_type=\"heading.default\">\n\t\t\t\t\t<h2 class=\"elementor-heading-title elementor-size-default\">Maizes produkti<\/h2>\t\t\t\t<\/div>\n\t\t\t\t<div class=\"elementor-element elementor-element-ec1247e elementor-widget elementor-widget-text-editor\" data-id=\"ec1247e\" data-element_type=\"widget\" data-widget_type=\"text-editor.default\">\n\t\t\t\t\t\t\t\t\t<p><span style=\"font-weight: 400;\">Jau vair\u0101kus gadu desmitus \u0161aj\u0101 tirgus segment\u0101 m\u0113s pied\u0101v\u0101jam elast\u012bgo iepakojumu, sasniedzot iev\u0113rojamu tirgus da\u013cu Baltij\u0101 un Zieme\u013ceirop\u0101. \u0160o gadu laik\u0101 m\u0113s esam nov\u0113roju\u0161i strauju izaugsmi \u0161aj\u0101 sektor\u0101, kur\u0101 tiek pied\u0101v\u0101ts arvien daudzveid\u012bg\u0101ks produktu kl\u0101sts, tostarp sald\u0113ti p\u0101rtikas produkti.<\/span><\/p><p><span style=\"font-weight: 400;\">\u0160aj\u0101 tirg\u016b m\u0113s pied\u0101v\u0101jam savu kompetenci un augstu produktu kvalit\u0101ti, pied\u0101v\u0101jot pla\u0161u maizes maisu formu un strukt\u016bru kl\u0101stu. Turkl\u0101t m\u0113s pied\u0101v\u0101jam ar\u012b pl\u0113ves ru\u013c\u013cos, kas atbilst da\u017e\u0101d\u0101m iepako\u0161anas vajadz\u012bb\u0101m.<\/span><\/p>\t\t\t\t\t\t\t\t<\/div>\n\t\t\t\t<\/div>\n\t\t<div class=\"elementor-element elementor-element-2fdb9f4 e-con-full elementor-hidden-tablet elementor-hidden-mobile e-flex e-con e-child\" data-id=\"2fdb9f4\" data-element_type=\"container\">\n\t\t\t\t<div class=\"elementor-element elementor-element-e8b46cf elementor-widget elementor-widget-image\" data-id=\"e8b46cf\" data-element_type=\"widget\" data-widget_type=\"image.default\">\n\t\t\t\t\t\t\t\t\t\t\t\t\t\t\t<img fetchpriority=\"high\" decoding=\"async\" width=\"450\" height=\"300\" src=\"https:\/\/www.polipaks.com\/wp-content\/smush-webp\/2024\/08\/2.BAKERY.jpg.webp\" class=\"attachment-full size-full wp-image-9180\" \/>\t\t\t\t\t\t\t\t\t\t\t\t\t\t\t<\/div>\n\t\t\t\t<\/div>\n\t\t\t\t\t<\/div>\n\t\t\t\t<\/div>\n\t\t<div class=\"elementor-element elementor-element-797dbb3 e-flex e-con-boxed e-con e-parent\" data-id=\"797dbb3\" data-element_type=\"container\">\n\t\t\t\t\t<div class=\"e-con-inner\">\n\t\t<a class=\"elementor-element elementor-element-dce5c39 e-con-full e-flex e-con e-child\" data-id=\"dce5c39\" data-element_type=\"container\" href=\"\/lv\/produkts\/maizes-maisi\/\">\n\t\t\t\t<div class=\"elementor-element elementor-element-70c933a elementor-position-top elementor-widget elementor-widget-image-box\" data-id=\"70c933a\" data-element_type=\"widget\" data-widget_type=\"image-box.default\">\n\t\t\t\t\t<div class=\"elementor-image-box-wrapper\"><figure class=\"elementor-image-box-img\"><img decoding=\"async\" width=\"2560\" height=\"2560\" src=\"https:\/\/www.polipaks.com\/wp-content\/smush-webp\/2024\/08\/Wicket-bag_Green-min-scaled.jpg.webp\" class=\"attachment-full size-full wp-image-9845\" \/><\/figure><div class=\"elementor-image-box-content\"><h2 class=\"elementor-image-box-title\">Maizes maisi<\/h2><p class=\"elementor-image-box-description\">Optim\u0101ls iepakojums maizes tirgum un da\u017e\u0101d\u0101m p\u0101rtikas r\u016bpniec\u012bbas nozar\u0113m, tostarp sald\u0113tiem produktiem\n<\/p><\/div><\/div>\t\t\t\t<\/div>\n\t\t\t\t<\/a>\n\t\t<div class=\"elementor-element elementor-element-830d205 e-con-full e-flex e-con e-child\" data-id=\"830d205\" data-element_type=\"container\">\n\t\t\t\t<div class=\"elementor-element elementor-element-b64ca1c elementor-position-top elementor-widget elementor-widget-image-box\" data-id=\"b64ca1c\" data-element_type=\"widget\" data-widget_type=\"image-box.default\">\n\t\t\t\t\t<div class=\"elementor-image-box-wrapper\"><figure class=\"elementor-image-box-img\"><a href=\"\/lv\/pleves\/pleves-rullos\/\" tabindex=\"-1\"><img decoding=\"async\" width=\"2560\" height=\"2560\" src=\"https:\/\/www.polipaks.com\/wp-content\/smush-webp\/2024\/08\/PP_FILMS_FFS-min-scaled.jpg.webp\" class=\"attachment-full size-full wp-image-9969\" \/><\/a><\/figure><div class=\"elementor-image-box-content\"><h3 class=\"elementor-image-box-title\"><a href=\"\/lv\/pleves\/pleves-rullos\/\">Pl\u0113ves ru\u013c\u013cos<\/a><\/h3><p class=\"elementor-image-box-description\">\u0160\u012bs pl\u0113ves ir rentabla alternat\u012bva jau gataviem maisiem, piem\u0113rota visiem p\u0101rtikas tirgiem un m\u0101jdz\u012bvnieku bar\u012bbai\n<\/p><\/div><\/div>\t\t\t\t<\/div>\n\t\t\t\t<\/div>\n\t\t<div class=\"elementor-element elementor-element-3d8dfcb e-con-full e-flex e-con e-child\" data-id=\"3d8dfcb\" data-element_type=\"container\">\n\t\t\t\t<\/div>\n\t\t<div class=\"elementor-element elementor-element-ebe13f0 e-con-full e-flex e-con e-child\" data-id=\"ebe13f0\" data-element_type=\"container\">\n\t\t\t\t<\/div>\n\t\t\t\t\t<\/div>\n\t\t\t\t<\/div>\n\t\t\t\t<\/div>","protected":false},"excerpt":{"rendered":"<p>Bakery For this market segment, we have been providing flexible packaging for decades, achieving significant market share in the Baltics and Nordic Europe. Over the years, we have observed rapid growth in this segment, with an increasingly diverse range of products, including frozen food. We bring our expertise and high product quality to this market, [&hellip;]<\/p>\n","protected":false},"author":1,"featured_media":0,"parent":8518,"menu_order":0,"comment_status":"closed","ping_status":"closed","template":"elementor_header_footer","meta":{"_acf_changed":false,"inline_featured_image":false,"footnotes":""},"class_list":["post-8552","page","type-page","status-publish","hentry"],"acf":[],"aioseo_notices":[],"_links":{"self":[{"href":"https:\/\/www.polipaks.com\/lv\/wp-json\/wp\/v2\/pages\/8552","targetHints":{"allow":["GET"]}}],"collection":[{"href":"https:\/\/www.polipaks.com\/lv\/wp-json\/wp\/v2\/pages"}],"about":[{"href":"https:\/\/www.polipaks.com\/lv\/wp-json\/wp\/v2\/types\/page"}],"author":[{"embeddable":true,"href":"https:\/\/www.polipaks.com\/lv\/wp-json\/wp\/v2\/users\/1"}],"replies":[{"embeddable":true,"href":"https:\/\/www.polipaks.com\/lv\/wp-json\/wp\/v2\/comments?post=8552"}],"version-history":[{"count":0,"href":"https:\/\/www.polipaks.com\/lv\/wp-json\/wp\/v2\/pages\/8552\/revisions"}],"up":[{"embeddable":true,"href":"https:\/\/www.polipaks.com\/lv\/wp-json\/wp\/v2\/pages\/8518"}],"wp:attachment":[{"href":"https:\/\/www.polipaks.com\/lv\/wp-json\/wp\/v2\/media?parent=8552"}],"curies":[{"name":"wp","href":"https:\/\/api.w.org\/{rel}","templated":true}]}}