{"id":8551,"date":"2024-07-01T06:58:24","date_gmt":"2024-07-01T06:58:24","guid":{"rendered":"https:\/\/polipaks.com\/?page_id=8551"},"modified":"2025-01-17T17:05:49","modified_gmt":"2025-01-17T15:05:49","slug":"majdzivnieku-bariba","status":"publish","type":"page","link":"https:\/\/www.polipaks.com\/lv\/tirgus-segmenti\/majdzivnieku-bariba\/","title":{"rendered":"Petfood"},"content":{"rendered":"<div data-elementor-type=\"wp-page\" data-elementor-id=\"8551\" class=\"elementor elementor-8551\" data-elementor-post-type=\"page\">\n\t\t\t\t<div class=\"elementor-element elementor-element-308249df e-flex e-con-boxed e-con e-parent\" data-id=\"308249df\" data-element_type=\"container\">\n\t\t\t\t\t<div class=\"e-con-inner\">\n\t\t<div class=\"elementor-element elementor-element-47e26b65 e-con-full elementor-hidden-desktop elementor-hidden-laptop e-flex e-con e-child\" data-id=\"47e26b65\" data-element_type=\"container\">\n\t\t\t\t<div class=\"elementor-element elementor-element-70101f13 elementor-widget elementor-widget-image\" data-id=\"70101f13\" data-element_type=\"widget\" data-widget_type=\"image.default\">\n\t\t\t\t\t\t\t\t\t\t\t\t\t\t\t<img fetchpriority=\"high\" decoding=\"async\" width=\"450\" height=\"300\" src=\"https:\/\/www.polipaks.com\/wp-content\/smush-webp\/2024\/08\/1.PET-FOOD-1.jpg.webp\" class=\"attachment-full size-full wp-image-9179\" \/>\t\t\t\t\t\t\t\t\t\t\t\t\t\t\t<\/div>\n\t\t\t\t<\/div>\n\t\t<div class=\"elementor-element elementor-element-5cf0962b e-con-full e-flex e-con e-child\" data-id=\"5cf0962b\" data-element_type=\"container\">\n\t\t\t\t<div class=\"elementor-element elementor-element-88184cc elementor-widget elementor-widget-heading\" data-id=\"88184cc\" data-element_type=\"widget\" data-widget_type=\"heading.default\">\n\t\t\t\t\t<h2 class=\"elementor-heading-title elementor-size-default\">Dz\u012bvnieku bar\u012bba<\/h2>\t\t\t\t<\/div>\n\t\t\t\t<div class=\"elementor-element elementor-element-5b56d0f1 elementor-widget elementor-widget-text-editor\" data-id=\"5b56d0f1\" data-element_type=\"widget\" data-widget_type=\"text-editor.default\">\n\t\t\t\t\t\t\t\t\t<p><span style=\"font-weight: 400;\">Jau gadu desmitiem esam specializ\u0113ju\u0161ies m\u0101jdz\u012bvnieku bar\u012bbas nozares apkalpo\u0161an\u0101 k\u0101 visaptvero\u0161s \u201cvienas pieturas\u201d risin\u0101jumu sniedz\u0113js, kas att\u012bst\u0101s kop\u0101 ar \u0161\u012b tirgus vajadz\u012bb\u0101m un tendenc\u0113m. M\u0113s pied\u0101v\u0101jam pla\u0161u maisu un ru\u013c\u013cu kl\u0101stu, kuru dizains ir izstr\u0101d\u0101ts otrreiz\u0113jai p\u0101rstr\u0101dei (D4R) un kuri ir paredz\u0113ti sausajai bar\u012bbai, na\u0161\u0137iem, sald\u0113tai bar\u012bbai un uztura bag\u0101tin\u0101t\u0101jiem.<\/span><\/p><p><span style=\"font-weight: 400;\">Uz\u0146\u0113muma Polipaks priorit\u0101te ir saglab\u0101t m\u016bsu spalvaino draugu bar\u012bbu svaigu, vienlaikus l\u012bdz minimumam samazinot ietekmi uz vidi. M\u0113s nep\u0101rtraukti att\u012bst\u0101m un pilnveidojam savu produktu kl\u0101stu, lai atbilstu main\u012bgaj\u0101m klientu pras\u012bb\u0101m un augo\u0161ajai m\u0101jdz\u012bvnieku bar\u012bbas nozarei, \u012bpa\u0161u uzman\u012bbu piev\u0113r\u0161ot ilgtsp\u0113j\u012bbai un e-komercijai.<\/span><\/p><p><span style=\"font-weight: 400;\">M\u016bsu risin\u0101jumi ir balst\u012bti uz gadiem ilgu pieredzi un p\u0113t\u012bjumiem, kurus ir apstiprin\u0101ju\u0161i un kuriem uzticas daudzi z\u012bmolu \u012bpa\u0161nieki vis\u0101 Eirop\u0101.<\/span><\/p>\t\t\t\t\t\t\t\t<\/div>\n\t\t\t\t<\/div>\n\t\t<div class=\"elementor-element elementor-element-8111ed8 e-con-full elementor-hidden-tablet elementor-hidden-mobile e-flex e-con e-child\" data-id=\"8111ed8\" data-element_type=\"container\">\n\t\t\t\t<div class=\"elementor-element elementor-element-a7c8e30 elementor-widget elementor-widget-image\" data-id=\"a7c8e30\" data-element_type=\"widget\" data-widget_type=\"image.default\">\n\t\t\t\t\t\t\t\t\t\t\t\t\t\t\t<img fetchpriority=\"high\" decoding=\"async\" width=\"450\" height=\"300\" src=\"https:\/\/www.polipaks.com\/wp-content\/smush-webp\/2024\/08\/1.PET-FOOD-1.jpg.webp\" class=\"attachment-full size-full wp-image-9179\" \/>\t\t\t\t\t\t\t\t\t\t\t\t\t\t\t<\/div>\n\t\t\t\t<\/div>\n\t\t\t\t\t<\/div>\n\t\t\t\t<\/div>\n\t\t<div class=\"elementor-element elementor-element-350c8020 e-flex e-con-boxed e-con e-parent\" data-id=\"350c8020\" data-element_type=\"container\">\n\t\t\t\t\t<div class=\"e-con-inner\">\n\t\t<a class=\"elementor-element elementor-element-62c68061 e-con-full e-flex e-con e-child\" data-id=\"62c68061\" data-element_type=\"container\" href=\"\/lv\/produkts\/maisi-ar-plakanu-pamatni\/\">\n\t\t\t\t<div class=\"elementor-element elementor-element-3d7e69d2 elementor-position-top elementor-widget elementor-widget-image-box\" data-id=\"3d7e69d2\" data-element_type=\"widget\" data-widget_type=\"image-box.default\">\n\t\t\t\t\t<div class=\"elementor-image-box-wrapper\"><figure class=\"elementor-image-box-img\"><img decoding=\"async\" width=\"2560\" height=\"2560\" src=\"https:\/\/www.polipaks.com\/wp-content\/smush-webp\/2024\/08\/Flatbottom_Green-min-scaled.jpg.webp\" class=\"attachment-full size-full wp-image-9843\" \/><\/figure><div class=\"elementor-image-box-content\"><h2 class=\"elementor-image-box-title\">Maisi ar plakanu pamatni<\/h2><p class=\"elementor-image-box-description\">Augst\u0101k\u0101s kvalit\u0101tes iepakojums m\u0101jdz\u012bvnieku bar\u012bbai, uztura bag\u0101tin\u0101t\u0101jiem un prote\u012bna pulveriem, uzkodu un saldumu tirgiem\n<\/p><\/div><\/div>\t\t\t\t<\/div>\n\t\t\t\t<\/a>\n\t\t<div class=\"elementor-element elementor-element-3f84c0d1 e-con-full e-flex e-con e-child\" data-id=\"3f84c0d1\" data-element_type=\"container\">\n\t\t\t\t<div class=\"elementor-element elementor-element-3bd1c316 elementor-position-top elementor-widget elementor-widget-image-box\" data-id=\"3bd1c316\" data-element_type=\"widget\" data-widget_type=\"image-box.default\">\n\t\t\t\t\t<div class=\"elementor-image-box-wrapper\"><figure class=\"elementor-image-box-img\"><a href=\"\/lv\/produkts\/quadseal-bag\/\" tabindex=\"-1\"><img decoding=\"async\" width=\"1245\" height=\"1245\" src=\"https:\/\/www.polipaks.com\/wp-content\/smush-webp\/2024\/08\/Slider_bag_green.jpg.webp\" class=\"attachment-full size-full wp-image-9082\" \/><\/a><\/figure><div class=\"elementor-image-box-content\"><h3 class=\"elementor-image-box-title\"><a href=\"\/lv\/produkts\/quadseal-bag\/\">\u010cetr\u0161uvju maisi<\/a><\/h3><p class=\"elementor-image-box-description\">Stabils iepakojums m\u0101jdz\u012bvnieku bar\u012bbas, uzkodu un saldumu tirgiem\n<\/p><\/div><\/div>\t\t\t\t<\/div>\n\t\t\t\t<\/div>\n\t\t<div class=\"elementor-element elementor-element-7637dbac e-con-full e-flex e-con e-child\" data-id=\"7637dbac\" data-element_type=\"container\">\n\t\t\t\t<div class=\"elementor-element elementor-element-5138a6ed elementor-position-top elementor-widget elementor-widget-image-box\" data-id=\"5138a6ed\" data-element_type=\"widget\" data-widget_type=\"image-box.default\">\n\t\t\t\t\t<div class=\"elementor-image-box-wrapper\"><figure class=\"elementor-image-box-img\"><a href=\"\/lv\/produkts\/stand-up-pouch\/\" tabindex=\"-1\"><img loading=\"lazy\" decoding=\"async\" width=\"2560\" height=\"2560\" src=\"https:\/\/www.polipaks.com\/wp-content\/smush-webp\/2024\/08\/SUP_RC_Green-scaled.jpg.webp\" class=\"attachment-full size-full wp-image-9049\" \/><\/a><\/figure><div class=\"elementor-image-box-content\"><h3 class=\"elementor-image-box-title\"><a href=\"\/lv\/produkts\/stand-up-pouch\/\">St\u0101vpakas<\/a><\/h3><p class=\"elementor-image-box-description\">Piel\u0101gojams iepakojums ar izcilu noform\u0113jumu m\u0101jdz\u012bvnieku bar\u012bbai un da\u017e\u0101d\u0101m p\u0101rtikas nozar\u0113m, tostarp sald\u0113tiem produktiem\n<\/p><\/div><\/div>\t\t\t\t<\/div>\n\t\t\t\t<\/div>\n\t\t<div class=\"elementor-element elementor-element-18aae256 e-con-full e-flex e-con e-child\" data-id=\"18aae256\" data-element_type=\"container\">\n\t\t\t\t<div class=\"elementor-element elementor-element-11f4b7a8 elementor-position-top elementor-widget elementor-widget-image-box\" data-id=\"11f4b7a8\" data-element_type=\"widget\" data-widget_type=\"image-box.default\">\n\t\t\t\t\t<div class=\"elementor-image-box-wrapper\"><figure class=\"elementor-image-box-img\"><a href=\"\/lv\/produkts\/bottom-seal-bag\/\" tabindex=\"-1\"><img loading=\"lazy\" decoding=\"async\" width=\"2560\" height=\"2560\" src=\"https:\/\/www.polipaks.com\/wp-content\/smush-webp\/2024\/08\/BOTTOM-SEAL-BAG-WITH-SIDE-GUSSETS-min-scaled.jpg.webp\" class=\"attachment-full size-full wp-image-9875\" \/><\/a><\/figure><div class=\"elementor-image-box-content\"><h3 class=\"elementor-image-box-title\"><a href=\"\/lv\/produkts\/bottom-seal-bag\/\">Maisi ar apak\u0161\u0113jo \u0161uvi<\/a><\/h3><p class=\"elementor-image-box-description\">Iztur\u012bgs, augstas notur\u012bbas iepakojums m\u0101jdz\u012bvnieku bar\u012bbai, graudaugiem un beramajiem produktiem\n<\/p><\/div><\/div>\t\t\t\t<\/div>\n\t\t\t\t<\/div>\n\t\t\t\t\t<\/div>\n\t\t\t\t<\/div>\n\t\t<div class=\"elementor-element elementor-element-51bc6a19 e-flex e-con-boxed e-con e-parent\" data-id=\"51bc6a19\" data-element_type=\"container\">\n\t\t\t\t\t<div class=\"e-con-inner\">\n\t\t<div class=\"elementor-element elementor-element-37caf434 e-con-full e-flex e-con e-child\" data-id=\"37caf434\" data-element_type=\"container\">\n\t\t\t\t<div class=\"elementor-element elementor-element-1b755fb6 elementor-position-top elementor-widget elementor-widget-image-box\" data-id=\"1b755fb6\" data-element_type=\"widget\" data-widget_type=\"image-box.default\">\n\t\t\t\t\t<div class=\"elementor-image-box-wrapper\"><figure class=\"elementor-image-box-img\"><a href=\"\/lv\/produkts\/vacuum-bag\/\" tabindex=\"-1\"><img loading=\"lazy\" decoding=\"async\" width=\"1206\" height=\"1206\" src=\"https:\/\/www.polipaks.com\/wp-content\/smush-webp\/2024\/08\/Vacuum_green.jpg.webp\" class=\"attachment-full size-full wp-image-9084\" \/><\/a><\/figure><div class=\"elementor-image-box-content\"><h3 class=\"elementor-image-box-title\"><a href=\"\/lv\/produkts\/vacuum-bag\/\">Vakuuma maisi<\/a><\/h3><p class=\"elementor-image-box-description\">Iepakojums ar izcilu g\u0101zes un mitruma aizsardz\u012bbu izmanto\u0161anai m\u0101jdz\u012bvnieku bar\u012bbas un da\u017e\u0101d\u0101s p\u0101rtikas nozar\u0113s\n<\/p><\/div><\/div>\t\t\t\t<\/div>\n\t\t\t\t<\/div>\n\t\t<div class=\"elementor-element elementor-element-22d555dd e-con-full e-flex e-con e-child\" data-id=\"22d555dd\" data-element_type=\"container\">\n\t\t\t\t<div class=\"elementor-element elementor-element-686158fa elementor-position-top elementor-widget elementor-widget-image-box\" data-id=\"686158fa\" data-element_type=\"widget\" data-widget_type=\"image-box.default\">\n\t\t\t\t\t<div class=\"elementor-image-box-wrapper\"><figure class=\"elementor-image-box-img\"><a href=\"\/lv\/pleves\/pleves-rullos\/\" tabindex=\"-1\"><img loading=\"lazy\" decoding=\"async\" width=\"2560\" height=\"2560\" src=\"https:\/\/www.polipaks.com\/wp-content\/smush-webp\/2024\/08\/PP_FILMS_FFS-min-scaled.jpg.webp\" class=\"attachment-full size-full wp-image-9969\" \/><\/a><\/figure><div class=\"elementor-image-box-content\"><h3 class=\"elementor-image-box-title\"><a href=\"\/lv\/pleves\/pleves-rullos\/\">Pl\u0113ves ru\u013c\u013cos<\/a><\/h3><p class=\"elementor-image-box-description\">\u0160\u012bs pl\u0113ves ir rentabla alternat\u012bva jau gataviem maisiem, piem\u0113rota visiem p\u0101rtikas tirgiem un m\u0101jdz\u012bvnieku bar\u012bbai<\/p><\/div><\/div>\t\t\t\t<\/div>\n\t\t\t\t<\/div>\n\t\t<div class=\"elementor-element elementor-element-667b9e7e e-con-full e-flex e-con e-child\" data-id=\"667b9e7e\" data-element_type=\"container\">\n\t\t\t\t<\/div>\n\t\t<div class=\"elementor-element elementor-element-4e2c49f4 e-con-full e-flex e-con e-child\" data-id=\"4e2c49f4\" data-element_type=\"container\">\n\t\t\t\t<\/div>\n\t\t\t\t\t<\/div>\n\t\t\t\t<\/div>\n\t\t\t\t<\/div>","protected":false},"excerpt":{"rendered":"<p>Pet food For decades, we have specialized in serving the pet food industry as a complete one-stop solution provider, growing alongside this market&#8217;s needs and trends. We offer a wide range of bags and reels designed for recycling (D4R) for dry pet food, treats, frozen food and supplements. At Polipaks, we prioritize keeping our furry [&hellip;]<\/p>\n","protected":false},"author":1,"featured_media":0,"parent":8518,"menu_order":0,"comment_status":"closed","ping_status":"closed","template":"elementor_header_footer","meta":{"_acf_changed":false,"inline_featured_image":false,"footnotes":""},"class_list":["post-8551","page","type-page","status-publish","hentry"],"acf":[],"aioseo_notices":[],"_links":{"self":[{"href":"https:\/\/www.polipaks.com\/lv\/wp-json\/wp\/v2\/pages\/8551","targetHints":{"allow":["GET"]}}],"collection":[{"href":"https:\/\/www.polipaks.com\/lv\/wp-json\/wp\/v2\/pages"}],"about":[{"href":"https:\/\/www.polipaks.com\/lv\/wp-json\/wp\/v2\/types\/page"}],"author":[{"embeddable":true,"href":"https:\/\/www.polipaks.com\/lv\/wp-json\/wp\/v2\/users\/1"}],"replies":[{"embeddable":true,"href":"https:\/\/www.polipaks.com\/lv\/wp-json\/wp\/v2\/comments?post=8551"}],"version-history":[{"count":0,"href":"https:\/\/www.polipaks.com\/lv\/wp-json\/wp\/v2\/pages\/8551\/revisions"}],"up":[{"embeddable":true,"href":"https:\/\/www.polipaks.com\/lv\/wp-json\/wp\/v2\/pages\/8518"}],"wp:attachment":[{"href":"https:\/\/www.polipaks.com\/lv\/wp-json\/wp\/v2\/media?parent=8551"}],"curies":[{"name":"wp","href":"https:\/\/api.w.org\/{rel}","templated":true}]}}